{"id":87,"date":"2017-11-14T14:45:45","date_gmt":"2017-11-14T14:45:45","guid":{"rendered":"http:\/\/soleng.axiomthemes.com\/?page_id=87"},"modified":"2025-07-04T11:33:00","modified_gmt":"2025-07-04T11:33:00","slug":"home-1","status":"publish","type":"page","link":"https:\/\/tecsolar.ar\/web\/","title":{"rendered":"Tecsolar"},"content":{"rendered":"<p>[vc_row full_width=\u00bbstretch_row_content_no_spaces\u00bb][vc_column icons_position=\u00bbleft\u00bb][rev_slider_vc alias=\u00bbhome_1&#8243;][vc_column_text]<strong>Soluciones industriales<\/strong><\/p>\n<p>Nos enfocamos en el dise\u00f1o de sistemas de energ\u00edas renovables, tanto en sistemas fotovoltaicos para la generaci\u00f3n de electricidad renovable como en sistemas solares t\u00e9rmicos para el abastecimiento de energ\u00eda sustentable a diversos procesos t\u00e9rmicos en el sector industrial y comercial. Nuestro departamento de dise\u00f1o cuenta con una amplia y comprobable trayectoria en el dise\u00f1o de sistemas solares a medida.<\/p>\n<p><strong>Soluciones residenciales<\/strong><\/p>\n<p>M\u00e1s de 500 instalaciones dom\u00e9sticas, desde termotanques solares, sistemas fotovoltaicos, climatizaciones solares de piscinas, bombeo de agua solar, avalan nuestra experiencia en el sector.<\/p>\n<p><strong>Obras p\u00fablicas<\/strong><\/p>\n<p>Las obras p\u00fablicas suelen requerir un tratamiento especial, desarrollando carpetas de ingenier\u00eda, procesos de habilitaciones con diversos entes estatales. Nuestra \u00e1rea de gesti\u00f3n de proyectos acompa\u00f1a en cada paso para lograr la ejecuci\u00f3n de los sistemas solares en tiempo y forma.[\/vc_column_text][\/vc_column][\/vc_row][vc_row full_width=\u00bbstretch_row_content\u00bb equal_height=\u00bbyes\u00bb content_placement=\u00bbmiddle\u00bb css_animation=\u00bbslideInUp\u00bb scheme=\u00bbdark\u00bb][vc_column width=\u00bb1\/2&#8243; fix_column=\u00bb\u00bb hide_bg_image_on_tablet=\u00bb\u00bb hide_bg_image_on_mobile=\u00bb\u00bb icons_position=\u00bbleft\u00bb css=\u00bb.vc_custom_1660700499011{margin-right: 15px !important;margin-left: 15px !important;background-color: #5c8790 !important;}\u00bb offset=\u00bbvc_col-md-6&#8243;][vc_row_inner][vc_column_inner icons_position=\u00bbleft\u00bb offset=\u00bbvc_hidden-xs\u00bb][vc_empty_space height=\u00bb3rem\u00bb alter_height=\u00bbnone\u00bb hide_on_desktop=\u00bb\u00bb hide_on_notebook=\u00bb\u00bb hide_on_tablet=\u00bb\u00bb hide_on_mobile=\u00bb\u00bb][\/vc_column_inner][vc_column_inner icons_position=\u00bbleft\u00bb offset=\u00bbvc_hidden-lg vc_hidden-md vc_hidden-sm\u00bb][vc_empty_space height=\u00bb1rem\u00bb alter_height=\u00bbnone\u00bb hide_on_desktop=\u00bb\u00bb hide_on_notebook=\u00bb\u00bb hide_on_tablet=\u00bb\u00bb hide_on_mobile=\u00bb\u00bb][\/vc_column_inner][\/vc_row_inner][vc_empty_space height=\u00bb3.3rem\u00bb alter_height=\u00bbnone\u00bb hide_on_desktop=\u00bb\u00bb hide_on_notebook=\u00bb\u00bb hide_on_tablet=\u00bb\u00bb hide_on_mobile=\u00bb\u00bb][vc_row_inner][vc_column_inner hide_bg_image_on_tablet=\u00bb\u00bb hide_bg_image_on_mobile=\u00bb\u00bb icons_position=\u00bbleft\u00bb offset=\u00bbvc_col-lg-offset-3 vc_col-lg-6&#8243;]<div id=\"sc_title_76785421\"\n\t\tclass=\"sc_title color_style_dark sc_title_default\"><h4 class=\"sc_item_title sc_title_title sc_align_center sc_item_title_style_default sc_item_title_tag\">\u00bfQuer\u00e9s reducir tus costos energ\u00e9ticos?<\/h4><div class=\"sc_item_descr sc_title_descr sc_align_center sc_item_title_style_default\"><p>Podemos ayudarte a detectar y evaluar las posibilidades de ahorros energ\u00e9ticos en tu industria o comercio<\/p>\n<\/div><\/div><!-- \/.sc_title -->[vc_empty_space height=\u00bb2.6rem\u00bb alter_height=\u00bbnone\u00bb hide_on_desktop=\u00bb\u00bb hide_on_notebook=\u00bb\u00bb hide_on_tablet=\u00bb\u00bb hide_on_mobile=\u00bb\u00bb][\/vc_column_inner][\/vc_row_inner][vc_row_inner][vc_column_inner icons_position=\u00bbleft\u00bb offset=\u00bbvc_hidden-sm vc_hidden-xs\u00bb][vc_empty_space height=\u00bb2.45rem\u00bb alter_height=\u00bbnone\u00bb hide_on_desktop=\u00bb\u00bb hide_on_notebook=\u00bb\u00bb hide_on_tablet=\u00bb\u00bb hide_on_mobile=\u00bb\u00bb][\/vc_column_inner][\/vc_row_inner][vc_empty_space height=\u00bb3rem\u00bb alter_height=\u00bbnone\u00bb hide_on_desktop=\u00bb\u00bb hide_on_notebook=\u00bb\u00bb hide_on_tablet=\u00bb\u00bb hide_on_mobile=\u00bb\u00bb][\/vc_column][vc_column width=\u00bb1\/2&#8243; fix_column=\u00bb\u00bb hide_bg_image_on_tablet=\u00bb\u00bb hide_bg_image_on_mobile=\u00bb\u00bb icons_position=\u00bbleft\u00bb css=\u00bb.vc_custom_1660700957592{margin-right: 15px !important;margin-left: 15px !important;padding-top: 0px !important;padding-right: 0px !important;padding-bottom: 0px !important;padding-left: 0px !important;background-image: url(https:\/\/tecsolar.ar\/web\/wp-content\/uploads\/2022\/08\/moro-para-web-1.jpg?id=1382) !important;background-position: top right !important;background-repeat: no-repeat !important;background-size: cover !important;}\u00bb offset=\u00bbvc_col-md-6&#8243;][vc_empty_space height=\u00bb20rem\u00bb alter_height=\u00bbnone\u00bb hide_on_desktop=\u00bb\u00bb hide_on_notebook=\u00bb\u00bb hide_on_tablet=\u00bb\u00bb hide_on_mobile=\u00bb\u00bb][\/vc_column][\/vc_row][vc_row full_width=\u00bbstretch_row_content\u00bb equal_height=\u00bbyes\u00bb content_placement=\u00bbmiddle\u00bb css_animation=\u00bbslideInUp\u00bb][vc_column width=\u00bb1\/2&#8243; hide_bg_image_on_tablet=\u00bb\u00bb hide_bg_image_on_mobile=\u00bb\u00bb icons_position=\u00bbleft\u00bb css=\u00bb.vc_custom_1660702067751{margin-right: 15px !important;margin-left: 15px !important;padding-top: 0px !important;padding-right: 0px !important;padding-bottom: 0px !important;padding-left: 0px !important;background-image: url(https:\/\/tecsolar.ar\/web\/wp-content\/uploads\/2017\/11\/alfre.jpg?id=1237) !important;background-position: top right !important;background-repeat: no-repeat !important;background-size: cover !important;}\u00bb offset=\u00bbvc_col-lg-6&#8243;][vc_empty_space height=\u00bb3.85rem\u00bb alter_height=\u00bbnone\u00bb hide_on_desktop=\u00bb\u00bb hide_on_notebook=\u00bb\u00bb hide_on_tablet=\u00bb\u00bb hide_on_mobile=\u00bb1&#8243;][\/vc_column][vc_column width=\u00bb1\/2&#8243; hide_bg_image_on_tablet=\u00bb\u00bb hide_bg_image_on_mobile=\u00bb\u00bb icons_position=\u00bbleft\u00bb css=\u00bb.vc_custom_1518000705937{margin-right: 15px !important;margin-left: 15px !important;background-color: #f5f4ef !important;}\u00bb offset=\u00bbvc_col-lg-6&#8243;]<a id=\"sc_anchor_contacto\"\n\t\ttitle=\"\" \n\t\t class=\"sc_anchor sc_anchor_default\" data-vc-icon=\"\" data-url=\"\"><\/a>[vc_empty_space height=\u00bb3.85rem\u00bb alter_height=\u00bbnone\u00bb hide_on_desktop=\u00bb\u00bb hide_on_notebook=\u00bb\u00bb hide_on_tablet=\u00bb\u00bb hide_on_mobile=\u00bb1&#8243;][vc_row_inner][vc_column_inner width=\u00bb2\/3&#8243; icons_position=\u00bbleft\u00bb offset=\u00bbvc_col-sm-offset-2&#8243;]<div id=\"sc_title_945549749\"\n\t\tclass=\"sc_title color_style_default sc_title_default\"><h6 class=\"sc_item_subtitle sc_title_subtitle sc_align_center sc_item_title_style_default\">M\u00e1s de 15 a\u00f1os de experiencia<\/h6><h4 class=\"sc_item_title sc_title_title sc_align_center sc_item_title_style_default sc_item_title_tag\">Somos especialistas en energ\u00eda solar<\/h4><div class=\"sc_item_descr sc_title_descr sc_align_center sc_item_title_style_default\"><p>Datos de contacto<\/p>\n<\/div><\/div><!-- \/.sc_title -->[vc_empty_space height=\u00bb2.35rem\u00bb alter_height=\u00bbnone\u00bb hide_on_desktop=\u00bb\u00bb hide_on_notebook=\u00bb\u00bb hide_on_tablet=\u00bb\u00bb hide_on_mobile=\u00bb\u00bb]<div id=\"sc_icons_1585942114\" \n\tclass=\"sc_icons sc_icons_default sc_icons_size_medium sc_align_center\"><div class=\"sc_icons_item\"><div id=\"sc_icons_1585942114_icon-icon3\" class=\"sc_icons_icon sc_icon_type_ icon-icon3\"\n\t\t\t\t\t\t\t\t\t\t\t\t><span class=\"sc_icon_type_ icon-icon3\"><\/span><\/div><div class=\"sc_icons_item_description\"><span>Arroyo Seco, Santa Fe <\/span><span>(a 15km de la ciudad de Rosario)<\/span><span>Tel\u00e9fono: 341 6279908 <\/span><span>Email: proyectos@tecsolar.com.ar<\/span><span><br><\/span><\/div><\/div><\/div><!-- \/.sc_icons -->[vc_empty_space height=\u00bb2.5rem\u00bb alter_height=\u00bbnone\u00bb hide_on_desktop=\u00bb\u00bb hide_on_notebook=\u00bb\u00bb hide_on_tablet=\u00bb\u00bb hide_on_mobile=\u00bb\u00bb][\/vc_column_inner][\/vc_row_inner][vc_empty_space height=\u00bb2.35rem\u00bb alter_height=\u00bbnone\u00bb hide_on_desktop=\u00bb\u00bb hide_on_notebook=\u00bb\u00bb hide_on_tablet=\u00bb\u00bb hide_on_mobile=\u00bb\u00bb][\/vc_column][\/vc_row][vc_row css_animation=\u00bbslideInUp\u00bb row_padding_table=\u00bb\u00bb hide_bg_image_on_tablet=\u00bb\u00bb hide_bg_image_on_mobile=\u00bb\u00bb][vc_column icons_position=\u00bbleft\u00bb][vc_empty_space height=\u00bb2rem\u00bb alter_height=\u00bbnone\u00bb hide_on_desktop=\u00bb\u00bb hide_on_notebook=\u00bb\u00bb hide_on_tablet=\u00bb\u00bb hide_on_mobile=\u00bb\u00bb][vc_column_text css_animation=\u00bbbottom-to-top\u00bb]<\/p>\n<h5 style=\"text-align: center;\">Algunos de nuestros clientes<\/h5>\n<p>[\/vc_column_text][vc_empty_space height=\u00bb2rem\u00bb alter_height=\u00bbnone\u00bb hide_on_desktop=\u00bb\u00bb hide_on_notebook=\u00bb\u00bb hide_on_tablet=\u00bb\u00bb hide_on_mobile=\u00bb\u00bb][vc_images_carousel images=\u00bb1328,1329,1331,1332,1334,1335,1336,1337,1338,1339,1340,1341,1342,1343,1345,1346&#8243; img_size=\u00bb1000&#215;200&#8243; onclick=\u00bblink_no\u00bb speed=\u00bb1000&#8243; slides_per_view=\u00bb7&#8243; autoplay=\u00bbyes\u00bb hide_pagination_control=\u00bbyes\u00bb wrap=\u00bbyes\u00bb css_animation=\u00bbfadeIn\u00bb][vc_empty_space height=\u00bb2rem\u00bb alter_height=\u00bbnone\u00bb hide_on_desktop=\u00bb\u00bb hide_on_notebook=\u00bb\u00bb hide_on_tablet=\u00bb\u00bb hide_on_mobile=\u00bb\u00bb][\/vc_column][\/vc_row][vc_row css_animation=\u00bbslideInUp\u00bb row_padding_table=\u00bb\u00bb hide_bg_image_on_tablet=\u00bb\u00bb hide_bg_image_on_mobile=\u00bb\u00bb][vc_column icons_position=\u00bbleft\u00bb][vc_single_image image=\u00bb1585&#8243; img_size=\u00bb400&#215;82&#8243; alignment=\u00bbcenter\u00bb][vc_empty_space height=\u00bb2rem\u00bb alter_height=\u00bbnone\u00bb hide_on_desktop=\u00bb\u00bb hide_on_notebook=\u00bb\u00bb hide_on_tablet=\u00bb\u00bb hide_on_mobile=\u00bb\u00bb]<div id=\"sc_title_256681215\"\n\t\tclass=\"sc_title color_style_default sc_title_default\"><h6 class=\"sc_item_subtitle sc_title_subtitle sc_align_center sc_item_title_style_default\">Si estas radicado en Santa Fe te invitamos a conocer Prosumidores 4.0<\/h6><h3 class=\"sc_item_title sc_title_title sc_align_center sc_item_title_style_default\">Prosumidores 4.0<\/h3><\/div><!-- \/.sc_title -->[vc_empty_space height=\u00bb2rem\u00bb alter_height=\u00bbnone\u00bb hide_on_desktop=\u00bb\u00bb hide_on_notebook=\u00bb\u00bb hide_on_tablet=\u00bb\u00bb hide_on_mobile=\u00bb\u00bb][vc_column_text]<\/p>\n<p style=\"text-align: center;\">La provincia de Santa Fe cuenta con un programa de promoci\u00f3n de las energ\u00edas renovables que es ejemplo a nivel pa\u00eds; <a href=\"http:\/\/www.prosumidores.ar\/web\/prosumidores\/\">Prosumidores 4.0<\/a>. Te invitamos a conocer un breve resumen sobre el mismo, <a href=\"http:\/\/www.prosumidores.com.ar\/web\/prosumidores\/\">clic aqu\u00ed.<\/a><\/p>\n<p style=\"text-align: center;\">Vos o tu empresa se pueden convertir en un <a href=\"https:\/\/www.prosumidor.ar\/web\/prosumidores\/\">Prosumidor<\/a> y desde Tecsolar podemos facilitarte el proceso, hacemos todos los tramites por vos, incluso te acercamos <a href=\"http:\/\/www.elprosumidor.com\/web\/prosumidores\/\">l\u00edneas de financiamiento<\/a> muy beneficiosas.<\/p>\n<p style=\"text-align: center;\"><a href=\"http:\/\/www.prosumidores.tecsolar.ar\/\"><strong>Prosumidores 4.0<\/strong><\/a><\/p>\n<p>[\/vc_column_text][vc_empty_space height=\u00bb2rem\u00bb alter_height=\u00bbnone\u00bb hide_on_desktop=\u00bb\u00bb hide_on_notebook=\u00bb\u00bb hide_on_tablet=\u00bb\u00bb hide_on_mobile=\u00bb\u00bb][\/vc_column][\/vc_row]<\/p>\n","protected":false},"excerpt":{"rendered":"<p>[vc_row full_width=\u00bbstretch_row_content_no_spaces\u00bb][vc_column icons_position=\u00bbleft\u00bb][rev_slider_vc alias=\u00bbhome_1&#8243;][vc_column_text]Soluciones industriales Nos enfocamos en el dise\u00f1o de sistemas de energ\u00edas renovables, tanto en sistemas fotovoltaicos para la generaci\u00f3n de electricidad renovable como en sistemas solares t\u00e9rmicos&hellip;<\/p>\n","protected":false},"author":1,"featured_media":0,"parent":0,"menu_order":0,"comment_status":"closed","ping_status":"closed","template":"","meta":{"footnotes":""},"class_list":["post-87","page","type-page","status-publish","hentry"],"yoast_head":"<!-- This site is optimized with the Yoast SEO plugin v23.0 - https:\/\/yoast.com\/wordpress\/plugins\/seo\/ -->\n<title>Tecsolar - Tecsolar<\/title>\n<meta name=\"description\" content=\"Bienvenidos a Tecsolar, l\u00edderes en energ\u00edas renovables con m\u00e1s de 15 a\u00f1os de experiencia. Ofrecemos soluciones solares fotovoltaicas integrales para hogares, industrias y proyectos a gran escala. Desde el dise\u00f1o y ejecuci\u00f3n hasta el mantenimiento, nuestros sistemas garantizan eficiencia y seguridad, contribuyendo al cuidado del medio ambiente ya la reducci\u00f3n de costos energ\u00e9ticos. Con nuestro compromiso con la innovaci\u00f3n y la sustentabilidad, ayudamos a construir un futuro m\u00e1s verde y responsable.\" \/>\n<meta name=\"robots\" content=\"index, follow, max-snippet:-1, max-image-preview:large, max-video-preview:-1\" \/>\n<link rel=\"canonical\" href=\"https:\/\/tecsolar.ar\/web\/\" \/>\n<meta property=\"og:locale\" content=\"es_ES\" \/>\n<meta property=\"og:type\" content=\"article\" \/>\n<meta property=\"og:title\" content=\"Tecsolar - Tecsolar\" \/>\n<meta property=\"og:description\" content=\"Bienvenidos a Tecsolar, l\u00edderes en energ\u00edas renovables con m\u00e1s de 15 a\u00f1os de experiencia. Ofrecemos soluciones solares fotovoltaicas integrales para hogares, industrias y proyectos a gran escala. Desde el dise\u00f1o y ejecuci\u00f3n hasta el mantenimiento, nuestros sistemas garantizan eficiencia y seguridad, contribuyendo al cuidado del medio ambiente ya la reducci\u00f3n de costos energ\u00e9ticos. Con nuestro compromiso con la innovaci\u00f3n y la sustentabilidad, ayudamos a construir un futuro m\u00e1s verde y responsable.\" \/>\n<meta property=\"og:url\" content=\"https:\/\/tecsolar.ar\/web\/\" \/>\n<meta property=\"og:site_name\" content=\"Tecsolar\" \/>\n<meta property=\"article:publisher\" content=\"https:\/\/www.facebook.com\/tecsolar.arg\/\" \/>\n<meta property=\"article:modified_time\" content=\"2025-07-04T11:33:00+00:00\" \/>\n<meta name=\"twitter:card\" content=\"summary_large_image\" \/>\n<meta name=\"twitter:label1\" content=\"Tiempo de lectura\" \/>\n\t<meta name=\"twitter:data1\" content=\"3 minutos\" \/>\n<script type=\"application\/ld+json\" class=\"yoast-schema-graph\">{\"@context\":\"https:\/\/schema.org\",\"@graph\":[{\"@type\":\"WebPage\",\"@id\":\"https:\/\/tecsolar.ar\/web\/\",\"url\":\"https:\/\/tecsolar.ar\/web\/\",\"name\":\"Tecsolar - Tecsolar\",\"isPartOf\":{\"@id\":\"https:\/\/tecsolar.ar\/web\/#website\"},\"datePublished\":\"2017-11-14T14:45:45+00:00\",\"dateModified\":\"2025-07-04T11:33:00+00:00\",\"description\":\"Bienvenidos a Tecsolar, l\u00edderes en energ\u00edas renovables con m\u00e1s de 15 a\u00f1os de experiencia. Ofrecemos soluciones solares fotovoltaicas integrales para hogares, industrias y proyectos a gran escala. Desde el dise\u00f1o y ejecuci\u00f3n hasta el mantenimiento, nuestros sistemas garantizan eficiencia y seguridad, contribuyendo al cuidado del medio ambiente ya la reducci\u00f3n de costos energ\u00e9ticos. Con nuestro compromiso con la innovaci\u00f3n y la sustentabilidad, ayudamos a construir un futuro m\u00e1s verde y responsable.\",\"breadcrumb\":{\"@id\":\"https:\/\/tecsolar.ar\/web\/#breadcrumb\"},\"inLanguage\":\"es\",\"potentialAction\":[{\"@type\":\"ReadAction\",\"target\":[\"https:\/\/tecsolar.ar\/web\/\"]}]},{\"@type\":\"BreadcrumbList\",\"@id\":\"https:\/\/tecsolar.ar\/web\/#breadcrumb\",\"itemListElement\":[{\"@type\":\"ListItem\",\"position\":1,\"name\":\"Portada\",\"item\":\"https:\/\/tecsolar.ar\/web\/\"},{\"@type\":\"ListItem\",\"position\":2,\"name\":\"Tecsolar\"}]},{\"@type\":\"WebSite\",\"@id\":\"https:\/\/tecsolar.ar\/web\/#website\",\"url\":\"https:\/\/tecsolar.ar\/web\/\",\"name\":\"Tecsolar\",\"description\":\"Energ\u00eda Solar\",\"publisher\":{\"@id\":\"https:\/\/tecsolar.ar\/web\/#organization\"},\"potentialAction\":[{\"@type\":\"SearchAction\",\"target\":{\"@type\":\"EntryPoint\",\"urlTemplate\":\"https:\/\/tecsolar.ar\/web\/?s={search_term_string}\"},\"query-input\":\"required name=search_term_string\"}],\"inLanguage\":\"es\"},{\"@type\":\"Organization\",\"@id\":\"https:\/\/tecsolar.ar\/web\/#organization\",\"name\":\"Tecsolar\",\"url\":\"https:\/\/tecsolar.ar\/web\/\",\"logo\":{\"@type\":\"ImageObject\",\"inLanguage\":\"es\",\"@id\":\"https:\/\/tecsolar.ar\/web\/#\/schema\/logo\/image\/\",\"url\":\"https:\/\/tecsolar.ar\/web\/wp-content\/uploads\/2020\/09\/logo.png\",\"contentUrl\":\"https:\/\/tecsolar.ar\/web\/wp-content\/uploads\/2020\/09\/logo.png\",\"width\":204,\"height\":66,\"caption\":\"Tecsolar\"},\"image\":{\"@id\":\"https:\/\/tecsolar.ar\/web\/#\/schema\/logo\/image\/\"},\"sameAs\":[\"https:\/\/www.facebook.com\/tecsolar.arg\/\",\"https:\/\/www.instagram.com\/tecsolar.arg\/\",\"https:\/\/www.youtube.com\/@Tecsolararg\"]}]}<\/script>\n<!-- \/ Yoast SEO plugin. -->","yoast_head_json":{"title":"Tecsolar - Tecsolar","description":"Bienvenidos a Tecsolar, l\u00edderes en energ\u00edas renovables con m\u00e1s de 15 a\u00f1os de experiencia. Ofrecemos soluciones solares fotovoltaicas integrales para hogares, industrias y proyectos a gran escala. Desde el dise\u00f1o y ejecuci\u00f3n hasta el mantenimiento, nuestros sistemas garantizan eficiencia y seguridad, contribuyendo al cuidado del medio ambiente ya la reducci\u00f3n de costos energ\u00e9ticos. Con nuestro compromiso con la innovaci\u00f3n y la sustentabilidad, ayudamos a construir un futuro m\u00e1s verde y responsable.","robots":{"index":"index","follow":"follow","max-snippet":"max-snippet:-1","max-image-preview":"max-image-preview:large","max-video-preview":"max-video-preview:-1"},"canonical":"https:\/\/tecsolar.ar\/web\/","og_locale":"es_ES","og_type":"article","og_title":"Tecsolar - Tecsolar","og_description":"Bienvenidos a Tecsolar, l\u00edderes en energ\u00edas renovables con m\u00e1s de 15 a\u00f1os de experiencia. Ofrecemos soluciones solares fotovoltaicas integrales para hogares, industrias y proyectos a gran escala. Desde el dise\u00f1o y ejecuci\u00f3n hasta el mantenimiento, nuestros sistemas garantizan eficiencia y seguridad, contribuyendo al cuidado del medio ambiente ya la reducci\u00f3n de costos energ\u00e9ticos. Con nuestro compromiso con la innovaci\u00f3n y la sustentabilidad, ayudamos a construir un futuro m\u00e1s verde y responsable.","og_url":"https:\/\/tecsolar.ar\/web\/","og_site_name":"Tecsolar","article_publisher":"https:\/\/www.facebook.com\/tecsolar.arg\/","article_modified_time":"2025-07-04T11:33:00+00:00","twitter_card":"summary_large_image","twitter_misc":{"Tiempo de lectura":"3 minutos"},"schema":{"@context":"https:\/\/schema.org","@graph":[{"@type":"WebPage","@id":"https:\/\/tecsolar.ar\/web\/","url":"https:\/\/tecsolar.ar\/web\/","name":"Tecsolar - Tecsolar","isPartOf":{"@id":"https:\/\/tecsolar.ar\/web\/#website"},"datePublished":"2017-11-14T14:45:45+00:00","dateModified":"2025-07-04T11:33:00+00:00","description":"Bienvenidos a Tecsolar, l\u00edderes en energ\u00edas renovables con m\u00e1s de 15 a\u00f1os de experiencia. Ofrecemos soluciones solares fotovoltaicas integrales para hogares, industrias y proyectos a gran escala. Desde el dise\u00f1o y ejecuci\u00f3n hasta el mantenimiento, nuestros sistemas garantizan eficiencia y seguridad, contribuyendo al cuidado del medio ambiente ya la reducci\u00f3n de costos energ\u00e9ticos. Con nuestro compromiso con la innovaci\u00f3n y la sustentabilidad, ayudamos a construir un futuro m\u00e1s verde y responsable.","breadcrumb":{"@id":"https:\/\/tecsolar.ar\/web\/#breadcrumb"},"inLanguage":"es","potentialAction":[{"@type":"ReadAction","target":["https:\/\/tecsolar.ar\/web\/"]}]},{"@type":"BreadcrumbList","@id":"https:\/\/tecsolar.ar\/web\/#breadcrumb","itemListElement":[{"@type":"ListItem","position":1,"name":"Portada","item":"https:\/\/tecsolar.ar\/web\/"},{"@type":"ListItem","position":2,"name":"Tecsolar"}]},{"@type":"WebSite","@id":"https:\/\/tecsolar.ar\/web\/#website","url":"https:\/\/tecsolar.ar\/web\/","name":"Tecsolar","description":"Energ\u00eda Solar","publisher":{"@id":"https:\/\/tecsolar.ar\/web\/#organization"},"potentialAction":[{"@type":"SearchAction","target":{"@type":"EntryPoint","urlTemplate":"https:\/\/tecsolar.ar\/web\/?s={search_term_string}"},"query-input":"required name=search_term_string"}],"inLanguage":"es"},{"@type":"Organization","@id":"https:\/\/tecsolar.ar\/web\/#organization","name":"Tecsolar","url":"https:\/\/tecsolar.ar\/web\/","logo":{"@type":"ImageObject","inLanguage":"es","@id":"https:\/\/tecsolar.ar\/web\/#\/schema\/logo\/image\/","url":"https:\/\/tecsolar.ar\/web\/wp-content\/uploads\/2020\/09\/logo.png","contentUrl":"https:\/\/tecsolar.ar\/web\/wp-content\/uploads\/2020\/09\/logo.png","width":204,"height":66,"caption":"Tecsolar"},"image":{"@id":"https:\/\/tecsolar.ar\/web\/#\/schema\/logo\/image\/"},"sameAs":["https:\/\/www.facebook.com\/tecsolar.arg\/","https:\/\/www.instagram.com\/tecsolar.arg\/","https:\/\/www.youtube.com\/@Tecsolararg"]}]}},"_links":{"self":[{"href":"https:\/\/tecsolar.ar\/web\/wp-json\/wp\/v2\/pages\/87","targetHints":{"allow":["GET"]}}],"collection":[{"href":"https:\/\/tecsolar.ar\/web\/wp-json\/wp\/v2\/pages"}],"about":[{"href":"https:\/\/tecsolar.ar\/web\/wp-json\/wp\/v2\/types\/page"}],"author":[{"embeddable":true,"href":"https:\/\/tecsolar.ar\/web\/wp-json\/wp\/v2\/users\/1"}],"replies":[{"embeddable":true,"href":"https:\/\/tecsolar.ar\/web\/wp-json\/wp\/v2\/comments?post=87"}],"version-history":[{"count":126,"href":"https:\/\/tecsolar.ar\/web\/wp-json\/wp\/v2\/pages\/87\/revisions"}],"predecessor-version":[{"id":1933,"href":"https:\/\/tecsolar.ar\/web\/wp-json\/wp\/v2\/pages\/87\/revisions\/1933"}],"wp:attachment":[{"href":"https:\/\/tecsolar.ar\/web\/wp-json\/wp\/v2\/media?parent=87"}],"curies":[{"name":"wp","href":"https:\/\/api.w.org\/{rel}","templated":true}]}}