{"id":264,"date":"2017-11-16T10:52:13","date_gmt":"2017-11-16T10:52:13","guid":{"rendered":"http:\/\/soleng.axiomthemes.com\/?page_id=264"},"modified":"2024-07-08T20:59:38","modified_gmt":"2024-07-08T20:59:38","slug":"asesoramiento-en-energia-solar","status":"publish","type":"page","link":"https:\/\/tecsolar.ar\/web\/asesoramiento-en-energia-solar\/","title":{"rendered":"Proceso de Asesoramiento Gratuito para Sistemas Fotovoltaicos"},"content":{"rendered":"<p>[vc_row][vc_column icons_position=\u00bbleft\u00bb]<div id=\"sc_title_447701042\"\n\t\tclass=\"sc_title color_style_default sc_title_default\"><h3 class=\"sc_item_title sc_title_title sc_align_center sc_item_title_style_default\">Proceso de Asesoramiento Gratuito para Sistemas Fotovoltaicos de Conexi\u00f3n a Red<\/h3><div class=\"sc_item_descr sc_title_descr sc_align_center sc_item_title_style_default\"><p>Aqu\u00ed te explicamos el proceso completo de asesoramiento que ofrecemos. Desde la consulta inicial hasta la presentaci\u00f3n de propuestas y la resoluci\u00f3n de dudas, te guiamos en cada paso para ayudarte a implementar un sistema solar fotovoltaico eficaz. Solicita tu consulta gratuita y descubre c\u00f3mo nuestros expertos pueden ayudarte a reducir tus costos de energ\u00eda y contribuir al medio ambiente.<\/p>\n<\/div><\/div><!-- \/.sc_title -->[vc_empty_space height=\u00bb3.2rem\u00bb alter_height=\u00bbnone\u00bb hide_on_desktop=\u00bb\u00bb hide_on_notebook=\u00bb\u00bb hide_on_tablet=\u00bb\u00bb hide_on_mobile=\u00bb\u00bb]<div id=\"sc_icons_1733346718\" \n\tclass=\"sc_icons sc_icons_extra sc_icons_size_medium sc_align_center\"><div class=\"sc_icons_columns_wrap sc_item_columns trx_addons_columns_wrap columns_padding_bottom\"><div class=\"trx_addons_column-1_4\"><div class=\"sc_icons_item\"><div id=\"sc_icons_1733346718_icon-icon-9\" class=\"sc_icons_icon sc_icon_type_ icon-icon-9\"\n\t\t\t\t\t\t\t\t\t\t\t\t><span class=\"sc_icon_type_ icon-icon-9\"><\/span><\/div><h4 class=\"sc_icons_item_title\"><span>Paso 1: An\u00e1lisis de la Demanda de Energ\u00eda<\/span><\/h4><div class=\"sc_icons_item_description\"><span>Para comenzar, necesitamos conocer tu demanda energ\u00e9tica. Solo tienes que enviarnos tu \u00faltima factura de energ\u00eda el\u00e9ctrica, y nuestro equipo analizar\u00e1 tu consumo para determinar tus necesidades energ\u00e9ticas.<\/span><\/div><\/div><\/div><div class=\"trx_addons_column-1_4\"><div class=\"sc_icons_item\"><div id=\"sc_icons_1733346718_icon-icon7\" class=\"sc_icons_icon sc_icon_type_ icon-icon7\"\n\t\t\t\t\t\t\t\t\t\t\t\t><span class=\"sc_icon_type_ icon-icon7\"><\/span><\/div><h4 class=\"sc_icons_item_title\"><span>Paso 2: Pre-Dise\u00f1o de Alternativas Fotovoltaicas<\/span><\/h4><div class=\"sc_icons_item_description\"><span>Con los datos de tu factura, estimaremos el tama\u00f1o m\u00e1ximo del sistema solar que puedes instalar seg\u00fan el Programa Prosumidores 4.0. Te presentaremos dos alternativas: una opci\u00f3n m\u00e1xima y una opci\u00f3n intermedia.<\/span><\/div><\/div><\/div><div class=\"trx_addons_column-1_4\"><div class=\"sc_icons_item\"><div id=\"sc_icons_1733346718_icon-icon-10\" class=\"sc_icons_icon sc_icon_type_ icon-icon-10\"\n\t\t\t\t\t\t\t\t\t\t\t\t><span class=\"sc_icon_type_ icon-icon-10\"><\/span><\/div><h4 class=\"sc_icons_item_title\"><span>Paso 3: C\u00e1lculo del Impacto de las Alternativas<\/span><\/h4><div class=\"sc_icons_item_description\"><span>A continuaci\u00f3n, calcularemos el impacto econ\u00f3mico de cada opci\u00f3n en tu factura de energ\u00eda, as\u00ed como los beneficios ambientales y energ\u00e9ticos que cada alternativa ofrece.<\/span><\/div><\/div><\/div><div class=\"trx_addons_column-1_4\"><div class=\"sc_icons_item\"><div id=\"sc_icons_1733346718_icon-icon2\" class=\"sc_icons_icon sc_icon_type_ icon-icon2\"\n\t\t\t\t\t\t\t\t\t\t\t\t><span class=\"sc_icon_type_ icon-icon2\"><\/span><\/div><h4 class=\"sc_icons_item_title\"><span>Paso 4: Presentaci\u00f3n de las Alternativas<\/span><\/h4><div class=\"sc_icons_item_description\"><span>Finalmente, agendaremos una reuni\u00f3n virtual o presencial para presentarte nuestras propuestas y resolver cualquier duda que puedas tener. Este paso es clave para decidir si deseas avanzar con el proyecto.<\/span><\/div><\/div><\/div><\/div><\/div><!-- \/.sc_icons -->[\/vc_column][\/vc_row][vc_row full_width=\u00bbstretch_row\u00bb][vc_column icons_position=\u00bbleft\u00bb]<div  id=\"sc_layouts_2123493746\"\t\tclass=\"sc_layouts sc_layouts_default sc_layouts_401\">[vc_row full_width=\"stretch_row\" scheme=\"dark\" hide_bg_image_on_tablet=\"\" hide_bg_image_on_mobile=\"\" row_delimiter=\"\" row_fixed=\"\" hide_on_desktop=\"\" hide_on_notebook=\"\" hide_on_tablet=\"\" hide_on_mobile=\"\" hide_on_frontpage=\"\" css=\".vc_custom_1720467930068{background-color: #eec432 !important;}\"][vc_column icons_position=\"left\"]<div id=\"sc_content_36036249\"\n\t\tclass=\"sc_content color_style_default sc_content_default sc_content_width_1_1 sc_float_center\"><div class=\"sc_content_container\">[vc_row_inner equal_height=\"yes\" content_placement=\"middle\"][vc_column_inner icons_position=\"left\"][vc_empty_space alter_height=\"none\" hide_on_desktop=\"\" hide_on_notebook=\"\" hide_on_tablet=\"\" hide_on_mobile=\"\"][\/vc_column_inner][vc_column_inner width=\"2\/3\" hide_bg_image_on_tablet=\"\" hide_bg_image_on_mobile=\"\" icons_position=\"left\" css=\".vc_custom_1518018053500{padding-right: 0px !important;padding-left: 0px !important;}\" offset=\"vc_col-md-9 vc_hidden-xs\"]<div id=\"sc_title_867831452\"\n\t\tclass=\"sc_title color_style_dark sc_title_default alter\"><h4 class=\"sc_item_title sc_title_title sc_align_left sc_item_title_style_default alter sc_item_title_tag\">\u00a1Solicita tu asesoramiento gratuito hoy mismo y descubre c\u00f3mo puedes comenzar a utilizar la energ\u00eda solar para reducir tus costos y contribuir al medio ambiente!<\/h4><\/div><!-- \/.sc_title -->[\/vc_column_inner][vc_column_inner width=\"1\/3\" hide_bg_image_on_tablet=\"\" hide_bg_image_on_mobile=\"\" icons_position=\"left\" css=\".vc_custom_1518018057792{padding-right: 0px !important;padding-left: 0px !important;}\" offset=\"vc_col-md-3 vc_hidden-xs\"]<div class=\"sc_item_button sc_button_wrap sc_align_center\"><a href=\"https:\/\/tecsolar.ar\/web\/contacto\/\" id=\"sc_button_1938821524\" class=\"sc_button color_style_dark sc_button_default sc_button_size_large sc_button_icon_left\"><span class=\"sc_button_text sc_align_center\"><span class=\"sc_button_title\">Cont\u00e1ctanos, estamos a un Clic<\/span><\/span><!-- \/.sc_button_text --><\/a><!-- \/.sc_button --><\/div><!-- \/.sc_item_button -->[\/vc_column_inner][vc_column_inner icons_position=\"left\" offset=\"vc_hidden-lg vc_hidden-md vc_hidden-sm\"]<div id=\"sc_title_798505185\"\n\t\tclass=\"sc_title color_style_dark sc_title_default alter\"><h4 class=\"sc_item_title sc_title_title sc_align_center sc_item_title_style_default alter sc_item_title_tag\">\u00a1Solicita tu asesoramiento gratuito hoy mismo y descubre c\u00f3mo puedes comenzar a utilizar la energ\u00eda solar para reducir tus costos y contribuir al medio ambiente!<\/h4><div class=\"sc_item_button sc_button_wrap sc_align_center\"><a href=\"https:\/\/tecsolar.ar\/web\/contacto\/\" id=\"sc_button_234768380\" class=\"sc_button color_style_dark sc_button_default sc_item_button sc_item_button_default sc_title_button sc_button_size_normal sc_button_icon_left\"><span class=\"sc_button_text\"><span class=\"sc_button_title\">Contactanos, estamos a un clic de distancia<\/span><\/span><!-- \/.sc_button_text --><\/a><!-- \/.sc_button --><\/div><!-- \/.sc_item_button --><\/div><!-- \/.sc_title -->[vc_empty_space height=\"1rem\" alter_height=\"none\" hide_on_desktop=\"\" hide_on_notebook=\"\" hide_on_tablet=\"\" hide_on_mobile=\"\"][\/vc_column_inner][vc_column_inner icons_position=\"left\"][vc_empty_space height=\"2.667rem\" alter_height=\"none\" hide_on_desktop=\"\" hide_on_notebook=\"\" hide_on_tablet=\"\" hide_on_mobile=\"\"][\/vc_column_inner][\/vc_row_inner]<\/div><\/div><!-- \/.sc_content -->[\/vc_column][\/vc_row]<\/div>[vc_empty_space height=\u00bb0.5px\u00bb alter_height=\u00bbnone\u00bb hide_on_desktop=\u00bb\u00bb hide_on_notebook=\u00bb\u00bb hide_on_tablet=\u00bb\u00bb hide_on_mobile=\u00bb\u00bb][\/vc_column][\/vc_row][vc_row][vc_column icons_position=\u00bbleft\u00bb][vc_empty_space height=\u00bb40px\u00bb alter_height=\u00bbnone\u00bb hide_on_desktop=\u00bb\u00bb hide_on_notebook=\u00bb\u00bb hide_on_tablet=\u00bb\u00bb hide_on_mobile=\u00bb\u00bb css=\u00bb.vc_custom_1720470123575{margin-top: -0.55rem !important;}\u00bb]<div  id=\"sc_team_1400545563\"\t\tclass=\"sc_team color_style_default sc_team_default\"><h6 class=\"sc_item_subtitle sc_team_subtitle sc_align_center sc_item_title_style_default alter\">Te presentamos parte del equipo de trabajo que va a estar detr\u00e1s del proceso de asesoramiento<\/h6><h3 class=\"sc_item_title sc_team_title sc_align_center sc_item_title_style_default alter\">Contamos con mas de 15 a\u00f1os de experiencia en el dise\u00f1o de sistemas fotovoltaicos<\/h3><div class=\"sc_item_descr sc_team_descr sc_align_center sc_item_title_style_default alter\"><p>Juliana, va a estar en contacto con tigo y te guiara en todo el proceso, Nicolas se ocupara de realizar los pre-dise\u00f1os, Natalia evaluara (si es de tu inter\u00e9s) las alternativas de l\u00edneas de financiamiento m\u00e1s adecuada para tu caso. Martin supervisara todo el proceso y te presentara las alternativas elaboradas.<\/p>\n<\/div><div class=\"sc_team_columns_wrap sc_item_columns trx_addons_columns_wrap columns_padding_bottom\"><div class=\"trx_addons_column-1_4\"><div class=\"sc_team_item\">\n\t<div class=\"post_featured with_thumb hover_icon sc_team_item_thumb\"><img loading=\"lazy\" decoding=\"async\" width=\"370\" height=\"232\" src=\"https:\/\/tecsolar.ar\/web\/wp-content\/uploads\/2017\/11\/2.MO_1-370x232.jpg\" class=\"attachment-soleng-thumb-classic size-soleng-thumb-classic wp-post-image\" alt=\"\" \/><div class=\"mask\"><\/div><div class=\"icons\"><a href=\"https:\/\/tecsolar.ar\/web\/team\/martin-orecchia\/\" aria-hidden=\"true\" class=\"icon-image_hover\"><\/a><\/div><\/div>\t<div class=\"sc_team_item_info\">\n\t\t<div class=\"sc_team_item_header\">\n\t\t\t<h4 class=\"sc_team_item_title\"><a href=\"https:\/\/tecsolar.ar\/web\/team\/martin-orecchia\/\">Martin Orecchia<\/a><\/h4>\n\t\t\t<div class=\"sc_team_item_subtitle\">Fundador y CEO<\/div>\n\t\t<\/div>\n\t\t<div class=\"sc_team_item_content\"><p>Fundador y director de TECSOLAR, ha desarrollado vasta experiencia en el dimensionamiento e instalaciones de sistemas solares. Coordino proyectos y equipos de trabajo en diversas instituciones. Un ac\u00e9rrimo emprendedor en el \u00e1mbito de las energ\u00edas renovables.<\/p>\n<\/div>\n\t\t<div class=\"sc_team_item_socials socials_wrap\"><\/div>\t\t<div class=\"sc_team_item_button\"><a href=\"https:\/\/tecsolar.ar\/web\/team\/martin-orecchia\/\" class=\"sc_button sc_button_simple\">Learn more<\/a><\/div>\n\t<\/div>\n<\/div>\n<\/div><div class=\"trx_addons_column-1_4\"><div class=\"sc_team_item\">\n\t<div class=\"post_featured with_thumb hover_icon sc_team_item_thumb\"><img loading=\"lazy\" decoding=\"async\" width=\"370\" height=\"232\" src=\"https:\/\/tecsolar.ar\/web\/wp-content\/uploads\/2017\/11\/10.NB_EDIT-370x232.jpg\" class=\"attachment-soleng-thumb-classic size-soleng-thumb-classic wp-post-image\" alt=\"\" \/><div class=\"mask\"><\/div><div class=\"icons\"><a href=\"https:\/\/tecsolar.ar\/web\/team\/natalia-berti\/\" aria-hidden=\"true\" class=\"icon-image_hover\"><\/a><\/div><\/div>\t<div class=\"sc_team_item_info\">\n\t\t<div class=\"sc_team_item_header\">\n\t\t\t<h4 class=\"sc_team_item_title\"><a href=\"https:\/\/tecsolar.ar\/web\/team\/natalia-berti\/\">Natalia Berti<\/a><\/h4>\n\t\t\t<div class=\"sc_team_item_subtitle\">Responsable administrativa<\/div>\n\t\t<\/div>\n\t\t<div class=\"sc_team_item_content\"><p>Especialista en administraci\u00f3n de proyectos, con foco en gesti\u00f3n cooperativa, tanto del \u00e1mbito privado como p\u00fablico-privado. Lleva adelante la administraci\u00f3n de todos los proyectos de Tecsolar, tanto proyectos locales como internacionales.<\/p>\n<\/div>\n\t\t<div class=\"sc_team_item_socials socials_wrap\"><\/div>\t\t<div class=\"sc_team_item_button\"><a href=\"https:\/\/tecsolar.ar\/web\/team\/natalia-berti\/\" class=\"sc_button sc_button_simple\">Learn more<\/a><\/div>\n\t<\/div>\n<\/div>\n<\/div><div class=\"trx_addons_column-1_4\"><div class=\"sc_team_item\">\n\t<div class=\"post_featured with_thumb hover_icon sc_team_item_thumb\"><img loading=\"lazy\" decoding=\"async\" width=\"370\" height=\"232\" src=\"https:\/\/tecsolar.ar\/web\/wp-content\/uploads\/2017\/11\/5.NDR_ok-370x232.jpg\" class=\"attachment-soleng-thumb-classic size-soleng-thumb-classic wp-post-image\" alt=\"\" \/><div class=\"mask\"><\/div><div class=\"icons\"><a href=\"https:\/\/tecsolar.ar\/web\/team\/nicolas-di-ruscio\/\" aria-hidden=\"true\" class=\"icon-image_hover\"><\/a><\/div><\/div>\t<div class=\"sc_team_item_info\">\n\t\t<div class=\"sc_team_item_header\">\n\t\t\t<h4 class=\"sc_team_item_title\"><a href=\"https:\/\/tecsolar.ar\/web\/team\/nicolas-di-ruscio\/\">Nicol\u00e1s Di Ruscio<\/a><\/h4>\n\t\t\t<div class=\"sc_team_item_subtitle\">Proyectista<\/div>\n\t\t<\/div>\n\t\t<div class=\"sc_team_item_content\"><p>Ingeniero Electricista. Docente de la c\u00e1tedra M\u00e1quinas El\u00e9ctricas 2 (UTN \u2013 FRRO). Integrante del Observatorio de Energ\u00eda y Sustentabilidad (OES \u2013 UTN \u2013 FRRO). Cuenta con amplia trayectoria en dise\u00f1o, construcci\u00f3n e instalaci\u00f3n de dispositivos solares. Ha dictado cursos y desarrollado numerosos eventos sobre tecnolog\u00eda solar. Gran aficionado del Software Libre y de las tecnolog\u00edas apropiadas.<\/p>\n<\/div>\n\t\t<div class=\"sc_team_item_socials socials_wrap\"><\/div>\t\t<div class=\"sc_team_item_button\"><a href=\"https:\/\/tecsolar.ar\/web\/team\/nicolas-di-ruscio\/\" class=\"sc_button sc_button_simple\">Learn more<\/a><\/div>\n\t<\/div>\n<\/div>\n<\/div><div class=\"trx_addons_column-1_4\"><div class=\"sc_team_item\">\n\t<div class=\"post_featured with_thumb hover_icon sc_team_item_thumb\"><img loading=\"lazy\" decoding=\"async\" width=\"370\" height=\"232\" src=\"https:\/\/tecsolar.ar\/web\/wp-content\/uploads\/2024\/07\/7.JB_EDIT-370x232.jpg\" class=\"attachment-soleng-thumb-classic size-soleng-thumb-classic wp-post-image\" alt=\"\" \/><div class=\"mask\"><\/div><div class=\"icons\"><a href=\"https:\/\/tecsolar.ar\/web\/team\/juliana-berti\/\" aria-hidden=\"true\" class=\"icon-image_hover\"><\/a><\/div><\/div>\t<div class=\"sc_team_item_info\">\n\t\t<div class=\"sc_team_item_header\">\n\t\t\t<h4 class=\"sc_team_item_title\"><a href=\"https:\/\/tecsolar.ar\/web\/team\/juliana-berti\/\">Juliana Berti<\/a><\/h4>\n\t\t\t<div class=\"sc_team_item_subtitle\">Responsable comercial<\/div>\n\t\t<\/div>\n\t\t<div class=\"sc_team_item_content\"><p>Licenciada en administraci\u00f3n, responsable del area comercial de Tecsolar<\/p>\n<\/div>\n\t\t<div class=\"sc_team_item_socials socials_wrap\"><\/div>\t\t<div class=\"sc_team_item_button\"><a href=\"https:\/\/tecsolar.ar\/web\/team\/juliana-berti\/\" class=\"sc_button sc_button_simple\">Learn more<\/a><\/div>\n\t<\/div>\n<\/div>\n<\/div><\/div><\/div><!-- \/.sc_team -->[\/vc_column][\/vc_row]<\/p>\n","protected":false},"excerpt":{"rendered":"<p>[vc_row][vc_column icons_position=\u00bbleft\u00bb][vc_empty_space height=\u00bb3.2rem\u00bb alter_height=\u00bbnone\u00bb hide_on_desktop=\u00bb\u00bb hide_on_notebook=\u00bb\u00bb hide_on_tablet=\u00bb\u00bb hide_on_mobile=\u00bb\u00bb][\/vc_column][\/vc_row][vc_row full_width=\u00bbstretch_row\u00bb][vc_column icons_position=\u00bbleft\u00bb][vc_empty_space height=\u00bb0.5px\u00bb alter_height=\u00bbnone\u00bb hide_on_desktop=\u00bb\u00bb hide_on_notebook=\u00bb\u00bb hide_on_tablet=\u00bb\u00bb hide_on_mobile=\u00bb\u00bb][\/vc_column][\/vc_row][vc_row][vc_column icons_position=\u00bbleft\u00bb][vc_empty_space height=\u00bb40px\u00bb alter_height=\u00bbnone\u00bb hide_on_desktop=\u00bb\u00bb hide_on_notebook=\u00bb\u00bb hide_on_tablet=\u00bb\u00bb hide_on_mobile=\u00bb\u00bb css=\u00bb.vc_custom_1720470123575{margin-top: -0.55rem !important;}\u00bb][\/vc_column][\/vc_row]<\/p>\n","protected":false},"author":1,"featured_media":0,"parent":0,"menu_order":0,"comment_status":"closed","ping_status":"closed","template":"","meta":{"footnotes":""},"class_list":["post-264","page","type-page","status-publish","hentry"],"yoast_head":"<!-- This site is optimized with the Yoast SEO plugin v23.0 - https:\/\/yoast.com\/wordpress\/plugins\/seo\/ -->\n<title>Proceso de Asesoramiento Gratuito para Sistemas Fotovoltaicos - Tecsolar<\/title>\n<meta name=\"description\" content=\"En Tecsolar, ofrecemos un asesoramiento gratuito para ayudarte a evaluar y planificar tu proyecto de energ\u00eda solar. Nuestro proceso de asesoramiento en sistemas fotovoltaicos est\u00e1 dise\u00f1ado para ofrecerte una soluci\u00f3n personalizada que se ajuste a tus necesidades energ\u00e9ticas. Aqu\u00ed te mostramos c\u00f3mo funciona:\" \/>\n<meta name=\"robots\" content=\"index, follow, max-snippet:-1, max-image-preview:large, max-video-preview:-1\" \/>\n<link rel=\"canonical\" href=\"https:\/\/tecsolar.ar\/web\/asesoramiento-en-energia-solar\/\" \/>\n<meta property=\"og:locale\" content=\"es_ES\" \/>\n<meta property=\"og:type\" content=\"article\" \/>\n<meta property=\"og:title\" content=\"Proceso de Asesoramiento Gratuito para Sistemas Fotovoltaicos - Tecsolar\" \/>\n<meta property=\"og:description\" content=\"En Tecsolar, ofrecemos un asesoramiento gratuito para ayudarte a evaluar y planificar tu proyecto de energ\u00eda solar. Nuestro proceso de asesoramiento en sistemas fotovoltaicos est\u00e1 dise\u00f1ado para ofrecerte una soluci\u00f3n personalizada que se ajuste a tus necesidades energ\u00e9ticas. Aqu\u00ed te mostramos c\u00f3mo funciona:\" \/>\n<meta property=\"og:url\" content=\"https:\/\/tecsolar.ar\/web\/asesoramiento-en-energia-solar\/\" \/>\n<meta property=\"og:site_name\" content=\"Tecsolar\" \/>\n<meta property=\"article:publisher\" content=\"https:\/\/www.facebook.com\/tecsolar.arg\/\" \/>\n<meta property=\"article:modified_time\" content=\"2024-07-08T20:59:38+00:00\" \/>\n<meta name=\"twitter:card\" content=\"summary_large_image\" \/>\n<meta name=\"twitter:label1\" content=\"Tiempo de lectura\" \/>\n\t<meta name=\"twitter:data1\" content=\"1 minuto\" \/>\n<script type=\"application\/ld+json\" class=\"yoast-schema-graph\">{\"@context\":\"https:\/\/schema.org\",\"@graph\":[{\"@type\":\"WebPage\",\"@id\":\"https:\/\/tecsolar.ar\/web\/asesoramiento-en-energia-solar\/\",\"url\":\"https:\/\/tecsolar.ar\/web\/asesoramiento-en-energia-solar\/\",\"name\":\"Proceso de Asesoramiento Gratuito para Sistemas Fotovoltaicos - Tecsolar\",\"isPartOf\":{\"@id\":\"https:\/\/tecsolar.ar\/web\/#website\"},\"datePublished\":\"2017-11-16T10:52:13+00:00\",\"dateModified\":\"2024-07-08T20:59:38+00:00\",\"description\":\"En Tecsolar, ofrecemos un asesoramiento gratuito para ayudarte a evaluar y planificar tu proyecto de energ\u00eda solar. Nuestro proceso de asesoramiento en sistemas fotovoltaicos est\u00e1 dise\u00f1ado para ofrecerte una soluci\u00f3n personalizada que se ajuste a tus necesidades energ\u00e9ticas. Aqu\u00ed te mostramos c\u00f3mo funciona:\",\"breadcrumb\":{\"@id\":\"https:\/\/tecsolar.ar\/web\/asesoramiento-en-energia-solar\/#breadcrumb\"},\"inLanguage\":\"es\",\"potentialAction\":[{\"@type\":\"ReadAction\",\"target\":[\"https:\/\/tecsolar.ar\/web\/asesoramiento-en-energia-solar\/\"]}]},{\"@type\":\"BreadcrumbList\",\"@id\":\"https:\/\/tecsolar.ar\/web\/asesoramiento-en-energia-solar\/#breadcrumb\",\"itemListElement\":[{\"@type\":\"ListItem\",\"position\":1,\"name\":\"Portada\",\"item\":\"https:\/\/tecsolar.ar\/web\/\"},{\"@type\":\"ListItem\",\"position\":2,\"name\":\"Proceso de Asesoramiento Gratuito para Sistemas Fotovoltaicos\"}]},{\"@type\":\"WebSite\",\"@id\":\"https:\/\/tecsolar.ar\/web\/#website\",\"url\":\"https:\/\/tecsolar.ar\/web\/\",\"name\":\"Tecsolar\",\"description\":\"Energ\u00eda Solar\",\"publisher\":{\"@id\":\"https:\/\/tecsolar.ar\/web\/#organization\"},\"potentialAction\":[{\"@type\":\"SearchAction\",\"target\":{\"@type\":\"EntryPoint\",\"urlTemplate\":\"https:\/\/tecsolar.ar\/web\/?s={search_term_string}\"},\"query-input\":\"required name=search_term_string\"}],\"inLanguage\":\"es\"},{\"@type\":\"Organization\",\"@id\":\"https:\/\/tecsolar.ar\/web\/#organization\",\"name\":\"Tecsolar\",\"url\":\"https:\/\/tecsolar.ar\/web\/\",\"logo\":{\"@type\":\"ImageObject\",\"inLanguage\":\"es\",\"@id\":\"https:\/\/tecsolar.ar\/web\/#\/schema\/logo\/image\/\",\"url\":\"https:\/\/tecsolar.ar\/web\/wp-content\/uploads\/2020\/09\/logo.png\",\"contentUrl\":\"https:\/\/tecsolar.ar\/web\/wp-content\/uploads\/2020\/09\/logo.png\",\"width\":204,\"height\":66,\"caption\":\"Tecsolar\"},\"image\":{\"@id\":\"https:\/\/tecsolar.ar\/web\/#\/schema\/logo\/image\/\"},\"sameAs\":[\"https:\/\/www.facebook.com\/tecsolar.arg\/\",\"https:\/\/www.instagram.com\/tecsolar.arg\/\",\"https:\/\/www.youtube.com\/@Tecsolararg\"]}]}<\/script>\n<!-- \/ Yoast SEO plugin. -->","yoast_head_json":{"title":"Proceso de Asesoramiento Gratuito para Sistemas Fotovoltaicos - Tecsolar","description":"En Tecsolar, ofrecemos un asesoramiento gratuito para ayudarte a evaluar y planificar tu proyecto de energ\u00eda solar. Nuestro proceso de asesoramiento en sistemas fotovoltaicos est\u00e1 dise\u00f1ado para ofrecerte una soluci\u00f3n personalizada que se ajuste a tus necesidades energ\u00e9ticas. Aqu\u00ed te mostramos c\u00f3mo funciona:","robots":{"index":"index","follow":"follow","max-snippet":"max-snippet:-1","max-image-preview":"max-image-preview:large","max-video-preview":"max-video-preview:-1"},"canonical":"https:\/\/tecsolar.ar\/web\/asesoramiento-en-energia-solar\/","og_locale":"es_ES","og_type":"article","og_title":"Proceso de Asesoramiento Gratuito para Sistemas Fotovoltaicos - Tecsolar","og_description":"En Tecsolar, ofrecemos un asesoramiento gratuito para ayudarte a evaluar y planificar tu proyecto de energ\u00eda solar. Nuestro proceso de asesoramiento en sistemas fotovoltaicos est\u00e1 dise\u00f1ado para ofrecerte una soluci\u00f3n personalizada que se ajuste a tus necesidades energ\u00e9ticas. Aqu\u00ed te mostramos c\u00f3mo funciona:","og_url":"https:\/\/tecsolar.ar\/web\/asesoramiento-en-energia-solar\/","og_site_name":"Tecsolar","article_publisher":"https:\/\/www.facebook.com\/tecsolar.arg\/","article_modified_time":"2024-07-08T20:59:38+00:00","twitter_card":"summary_large_image","twitter_misc":{"Tiempo de lectura":"1 minuto"},"schema":{"@context":"https:\/\/schema.org","@graph":[{"@type":"WebPage","@id":"https:\/\/tecsolar.ar\/web\/asesoramiento-en-energia-solar\/","url":"https:\/\/tecsolar.ar\/web\/asesoramiento-en-energia-solar\/","name":"Proceso de Asesoramiento Gratuito para Sistemas Fotovoltaicos - Tecsolar","isPartOf":{"@id":"https:\/\/tecsolar.ar\/web\/#website"},"datePublished":"2017-11-16T10:52:13+00:00","dateModified":"2024-07-08T20:59:38+00:00","description":"En Tecsolar, ofrecemos un asesoramiento gratuito para ayudarte a evaluar y planificar tu proyecto de energ\u00eda solar. Nuestro proceso de asesoramiento en sistemas fotovoltaicos est\u00e1 dise\u00f1ado para ofrecerte una soluci\u00f3n personalizada que se ajuste a tus necesidades energ\u00e9ticas. Aqu\u00ed te mostramos c\u00f3mo funciona:","breadcrumb":{"@id":"https:\/\/tecsolar.ar\/web\/asesoramiento-en-energia-solar\/#breadcrumb"},"inLanguage":"es","potentialAction":[{"@type":"ReadAction","target":["https:\/\/tecsolar.ar\/web\/asesoramiento-en-energia-solar\/"]}]},{"@type":"BreadcrumbList","@id":"https:\/\/tecsolar.ar\/web\/asesoramiento-en-energia-solar\/#breadcrumb","itemListElement":[{"@type":"ListItem","position":1,"name":"Portada","item":"https:\/\/tecsolar.ar\/web\/"},{"@type":"ListItem","position":2,"name":"Proceso de Asesoramiento Gratuito para Sistemas Fotovoltaicos"}]},{"@type":"WebSite","@id":"https:\/\/tecsolar.ar\/web\/#website","url":"https:\/\/tecsolar.ar\/web\/","name":"Tecsolar","description":"Energ\u00eda Solar","publisher":{"@id":"https:\/\/tecsolar.ar\/web\/#organization"},"potentialAction":[{"@type":"SearchAction","target":{"@type":"EntryPoint","urlTemplate":"https:\/\/tecsolar.ar\/web\/?s={search_term_string}"},"query-input":"required name=search_term_string"}],"inLanguage":"es"},{"@type":"Organization","@id":"https:\/\/tecsolar.ar\/web\/#organization","name":"Tecsolar","url":"https:\/\/tecsolar.ar\/web\/","logo":{"@type":"ImageObject","inLanguage":"es","@id":"https:\/\/tecsolar.ar\/web\/#\/schema\/logo\/image\/","url":"https:\/\/tecsolar.ar\/web\/wp-content\/uploads\/2020\/09\/logo.png","contentUrl":"https:\/\/tecsolar.ar\/web\/wp-content\/uploads\/2020\/09\/logo.png","width":204,"height":66,"caption":"Tecsolar"},"image":{"@id":"https:\/\/tecsolar.ar\/web\/#\/schema\/logo\/image\/"},"sameAs":["https:\/\/www.facebook.com\/tecsolar.arg\/","https:\/\/www.instagram.com\/tecsolar.arg\/","https:\/\/www.youtube.com\/@Tecsolararg"]}]}},"_links":{"self":[{"href":"https:\/\/tecsolar.ar\/web\/wp-json\/wp\/v2\/pages\/264","targetHints":{"allow":["GET"]}}],"collection":[{"href":"https:\/\/tecsolar.ar\/web\/wp-json\/wp\/v2\/pages"}],"about":[{"href":"https:\/\/tecsolar.ar\/web\/wp-json\/wp\/v2\/types\/page"}],"author":[{"embeddable":true,"href":"https:\/\/tecsolar.ar\/web\/wp-json\/wp\/v2\/users\/1"}],"replies":[{"embeddable":true,"href":"https:\/\/tecsolar.ar\/web\/wp-json\/wp\/v2\/comments?post=264"}],"version-history":[{"count":19,"href":"https:\/\/tecsolar.ar\/web\/wp-json\/wp\/v2\/pages\/264\/revisions"}],"predecessor-version":[{"id":1704,"href":"https:\/\/tecsolar.ar\/web\/wp-json\/wp\/v2\/pages\/264\/revisions\/1704"}],"wp:attachment":[{"href":"https:\/\/tecsolar.ar\/web\/wp-json\/wp\/v2\/media?parent=264"}],"curies":[{"name":"wp","href":"https:\/\/api.w.org\/{rel}","templated":true}]}}