{"id":1846,"date":"2024-07-24T16:44:58","date_gmt":"2024-07-24T16:44:58","guid":{"rendered":"https:\/\/tecsolar.ar\/web\/?page_id=1846"},"modified":"2024-07-25T17:08:54","modified_gmt":"2024-07-25T17:08:54","slug":"calculo-de-sistema-fotovoltaico","status":"publish","type":"page","link":"https:\/\/tecsolar.ar\/web\/calculo-de-sistema-fotovoltaico\/","title":{"rendered":"C\u00e1lculo de sistema fotovoltaico"},"content":{"rendered":"<p>[vc_row][vc_column icons_position=\u00bbleft\u00bb]<div id=\"sc_title_627729484\"\n\t\tclass=\"sc_title color_style_default sc_title_default\"><h6 class=\"sc_item_subtitle sc_title_subtitle sc_align_center sc_item_title_style_default\">El calculador se encuentra optimizado para la zona centro de Argentina (Santa Fe, C\u00f3rdoba, Entre R\u00edos, Bs As, etc.) Pronto estaremos actualiz\u00e1ndolo para poder estimar sistemas en todo el territorio del p\u00edas.<\/h6><h3 class=\"sc_item_title sc_title_title sc_align_center sc_item_title_style_default\">C\u00e1lculo de paneles solares fotovoltaicos para sistemas conectados a la red<\/h3><div class=\"sc_item_descr sc_title_descr sc_align_center sc_item_title_style_default\"><p>Es importante que sepas que puedes dimensionar tu sistema de paneles solares sin necesidad de registrarte ni proporcionarnos ning\u00fan dato personal. Solo necesitas ingresar dos datos: tu consumo anual de energ\u00eda y el porcentaje de dicho consumo que deseas cubrir con energ\u00eda solar. Estos datos no se guardar\u00e1n en ning\u00fan sitio.<\/p>\n<p>Si despu\u00e9s de dimensionar tu sistema solar deseas obtener m\u00e1s informaci\u00f3n o un an\u00e1lisis m\u00e1s detallado, ponemos a tu disposici\u00f3n nuestras v\u00edas de contacto para que uno de nuestros asesores realice un seguimiento detallado de tu caso.<\/p>\n<\/div><\/div><!-- \/.sc_title -->[vc_empty_space height=\u00bb3.2rem\u00bb alter_height=\u00bbnone\u00bb hide_on_desktop=\u00bb\u00bb hide_on_notebook=\u00bb\u00bb hide_on_tablet=\u00bb\u00bb hide_on_mobile=\u00bb\u00bb][\/vc_column][\/vc_row][vc_row full_width=\u00bbstretch_row\u00bb][vc_column width=\u00bb1\/2&#8243; icons_position=\u00bbleft\u00bb][vc_column_text]<\/p>\n<h6>C\u00e1lculo de sistema fotovoltaico para Prosumidores Santa Fe<\/h6>\n<div>En esta secci\u00f3n, podr\u00e1s calcular la potencia del sistema fotovoltaico necesario para cubrir un porcentaje de tu consumo anual de energ\u00eda. Simplemente ingresa la informaci\u00f3n solicitada y obt\u00e9n una estimaci\u00f3n precisa para tu sistema solar.<\/div>\n<div><\/div>\n<h6>\u00bfC\u00f3mo funciona?<\/h6>\n<ol>\n<li><strong>Consumo anual de energ\u00eda (kWh):<\/strong> Introduce tu consumo anual de energ\u00eda en kilovatios hora (kWh). Esta informaci\u00f3n la puedes encontrar en tu factura de electricidad, al final de esta misma p\u00e1gina vas a encontrar algunos instructivos de como obtener esta informaci\u00f3n dependiendo del tipo de factura de energ\u00eda que tengas.<\/li>\n<li><strong>Porcentaje de consumo a cubrir:<\/strong> Selecciona el porcentaje de tu consumo anual que deseas cubrir con el sistema fotovoltaico. Puedes elegir entre cubrir desde el 10% hasta el 100% de tu consumo.<\/li>\n<li><strong>Calcular:<\/strong> Haz clic en el bot\u00f3n \u00abCalcular\u00bb para obtener los resultados.<\/li>\n<\/ol>\n<h6>Resultados<\/h6>\n<div><strong>Al hacer clic en \u00abCalcular\u00bb, recibir\u00e1s la siguiente informaci\u00f3n:<\/strong><\/div>\n<div><\/div>\n<ol>\n<li><strong>Potencia del sistema solar a instalar (kW)<\/strong>: La potencia necesaria del sistema solar para cubrir el porcentaje de tu consumo seleccionado.<\/li>\n<li><strong>Energ\u00eda generada por a\u00f1o (kWh\/a\u00f1o)<\/strong>: La cantidad de energ\u00eda que generar\u00e1 el sistema solar anualmente.<\/li>\n<li><strong>Kg de CO2 evitadas anualmente<\/strong>: La cantidad de emisiones de CO2 que evitar\u00e1s cada a\u00f1o gracias a la generaci\u00f3n de energ\u00eda solar.<\/li>\n<li><strong>Equivalente en kil\u00f3metros de CO2 evitado<\/strong>: La distancia en kil\u00f3metros que un veh\u00edculo promedio recorrer\u00eda para generar la misma cantidad de CO2 evitada por el sistema solar.<\/li>\n<li><strong>Metros cuadrados aproximados de paneles fotovoltaicos a instalar<\/strong>: El \u00e1rea aproximada que ocupar\u00e1n los paneles solares en tu techo.<\/li>\n<\/ol>\n<p><strong>Este c\u00e1lculo te ayudar\u00e1 a comprender mejor los beneficios ambientales y econ\u00f3micos de instalar un sistema fotovoltaico en tu hogar o negocio. \u00a1An\u00edmate a ser un Prosumidor y contribuye al cuidado del medio ambiente!<\/strong>[\/vc_column_text][\/vc_column][vc_column width=\u00bb1\/2&#8243; icons_position=\u00bbleft\u00bb][vc_column_text]<\/p>\n<h6>C\u00e1lculo de sistema solar fotovoltaico<\/h6>\n<p>Una vez que ingreses tus datos de consumo anual de energ\u00eda y el porcentaje que deseas cubrir con paneles solares, la p\u00e1gina se recargar\u00e1. Luego, solo tendr\u00e1s que desplazarte de nuevo hasta esta secci\u00f3n, y debajo del bot\u00f3n \u00abCalcular\u00bb encontrar\u00e1s los resultados de tu sistema. Puedes repetir el proceso y dimensionar tu sistema tantas veces como desees.<\/p>\n<p>Para conocer tu consumo de energ\u00eda anual, al final de esta misma p\u00e1gina vas a encontrar algunos instructivos de como obtener esta informaci\u00f3n dependiendo del tipo de factura de energ\u00eda que tengas.[\/vc_column_text][vc_empty_space height=\u00bb3.2rem\u00bb alter_height=\u00bbnone\u00bb hide_on_desktop=\u00bb\u00bb hide_on_notebook=\u00bb\u00bb hide_on_tablet=\u00bb\u00bb hide_on_mobile=\u00bb\u00bb][vc_column_text]    <form method=\"post\" action=\"\" class=\"formulario-recuadro\">\r\n        <label for=\"consumo\">Consumo anual de energia (kWh):<\/label>\r\n        <input type=\"number\" id=\"consumo\" name=\"consumo\" required>\r\n        <br>\r\n        <br>\r\n\t\t<br>\r\n        <label for=\"porcentaje\">Porcentaje de consumo a cubrir (%):<\/label>\r\n        <select id=\"porcentaje\" name=\"porcentaje\" required>\r\n            <option value=\"100\">100%<\/option><option value=\"90\">90%<\/option><option value=\"80\">80%<\/option><option value=\"70\">70%<\/option><option value=\"60\">60%<\/option><option value=\"50\">50%<\/option><option value=\"40\">40%<\/option><option value=\"30\">30%<\/option><option value=\"20\">20%<\/option><option value=\"10\">10%<\/option>        <\/select>\r\n        <br>\r\n        \r\n        <input type=\"submit\" name=\"calcular\" value=\"Calcular\">\r\n    <\/form>\r\n\r\n    [\/vc_column_text][vc_empty_space height=\u00bb3.2rem\u00bb alter_height=\u00bbnone\u00bb hide_on_desktop=\u00bb\u00bb hide_on_notebook=\u00bb\u00bb hide_on_tablet=\u00bb\u00bb hide_on_mobile=\u00bb\u00bb][\/vc_column][\/vc_row][vc_row][vc_column icons_position=\u00bbleft\u00bb][vc_empty_space height=\u00bb3.2rem\u00bb alter_height=\u00bbnone\u00bb hide_on_desktop=\u00bb\u00bb hide_on_notebook=\u00bb\u00bb hide_on_tablet=\u00bb\u00bb hide_on_mobile=\u00bb\u00bb]<div id=\"sc_title_715135849\"\n\t\tclass=\"sc_title color_style_default sc_title_default\"><h6 class=\"sc_item_subtitle sc_title_subtitle sc_align_left sc_item_title_style_default\">A continuaci\u00f3n ponemos a disposici\u00f3n como obtener el consumo anual de energ\u00eda de tres tipos distintos de facturas.<\/h6><\/div><!-- \/.sc_title -->[vc_empty_space height=\u00bb3.2rem\u00bb alter_height=\u00bbnone\u00bb hide_on_desktop=\u00bb\u00bb hide_on_notebook=\u00bb\u00bb hide_on_tablet=\u00bb\u00bb hide_on_mobile=\u00bb\u00bb][vc_tta_tabs][vc_tta_section title=\u00bbFactura de EPE bimestral\u00bb tab_id=\u00bb1721911554207-5d522e9c-e33d\u00bb][vc_empty_space height=\u00bb3.2rem\u00bb alter_height=\u00bbnone\u00bb hide_on_desktop=\u00bb\u00bb hide_on_notebook=\u00bb\u00bb hide_on_tablet=\u00bb\u00bb hide_on_mobile=\u00bb\u00bb][vc_column_text]Si tu distribuidora el\u00e9ctrica es EPE y tenes una factura bimestral, vas a buscar en el lado izquierdo de la factura, el apartado <strong>EVOLUCION DE CONSUMO kWh<\/strong>. Ah\u00ed vas a encontrar el consumo de los \u00faltimos 6 bimestres. Solo tenes que sumar todo los bimestres para tener el consumo anual y ese valor que te da la suma lo insertas en el campo <strong>Consumo anual de energ\u00eda (kWh)<\/strong> del calculador. En la factura que ponemos de ejemplo los bimestres est\u00e1n encerrados en un recuadro azul.[\/vc_column_text][vc_empty_space height=\u00bb3.2rem\u00bb alter_height=\u00bbnone\u00bb hide_on_desktop=\u00bb\u00bb hide_on_notebook=\u00bb\u00bb hide_on_tablet=\u00bb\u00bb hide_on_mobile=\u00bb\u00bb][vc_single_image image=\u00bb1858&#8243; img_size=\u00bblarge\u00bb alignment=\u00bbcenter\u00bb][\/vc_tta_section][vc_tta_section title=\u00bbFactura de EPE mensual\u00bb tab_id=\u00bb1721911554220-670e016c-a3e9&#8243;][vc_empty_space height=\u00bb3.2rem\u00bb alter_height=\u00bbnone\u00bb hide_on_desktop=\u00bb\u00bb hide_on_notebook=\u00bb\u00bb hide_on_tablet=\u00bb\u00bb hide_on_mobile=\u00bb\u00bb][vc_column_text]Si tu distribuidora el\u00e9ctrica es EPE y tenes una factura mensual, vas a buscar los consumos e energ\u00eda estos est\u00e1n divididos en tres categor\u00edas, horario pico, horario valle y horario resto, la sumatoria de los tres horarios de consumo es la energ\u00eda total consumida en ese periodo de facturaci\u00f3n. En la factura de ejemplo estos consumos se encuentran dentro del recuadro rojo y la suma de mismos tambi\u00e9n la encontras en la factura, se encuentra en el recuadro azul.<\/p>\n<p>Si contas con las 12 ultimas facturas para obtener el consumo anual debes sumar de estas 12 facturas el valor que aparece en el recuadro azul de la factura de ejemplo.<\/p>\n<p>En el caso de que no tengas las 12 facturas, pode tomar la \u00faltima que tengas y la multiplicas por 12, de ese modo vas a tener un estimado del consumo anual.<\/p>\n<p>El valor obtenido lo insertas en el campo Consumo anual de energ\u00eda (kWh) del calculador.[\/vc_column_text][vc_empty_space height=\u00bb3.2rem\u00bb alter_height=\u00bbnone\u00bb hide_on_desktop=\u00bb\u00bb hide_on_notebook=\u00bb\u00bb hide_on_tablet=\u00bb\u00bb hide_on_mobile=\u00bb\u00bb][vc_single_image image=\u00bb1860&#8243; img_size=\u00bblarge\u00bb][\/vc_tta_section][vc_tta_section title=\u00bbFactura de una cooperativa el\u00e9ctrica\u00bb tab_id=\u00bb1721911598560-8f5ed29c-c9b4&#8243;][vc_empty_space height=\u00bb3.2rem\u00bb alter_height=\u00bbnone\u00bb hide_on_desktop=\u00bb\u00bb hide_on_notebook=\u00bb\u00bb hide_on_tablet=\u00bb\u00bb hide_on_mobile=\u00bb\u00bb][vc_column_text]Si tu distribuidora el\u00e9ctrica es una cooperativa el\u00e9ctrica, depender\u00e1 del formato de facturaci\u00f3n de la cooperativa, pero en general siempre va a ver una secci\u00f3n donde tenes el historial e consumo de los \u00faltimos 12 o 6 meses. Una vez que identifique dicha secci\u00f3n solo tenes que sumar el historial para tener el consumo anual y ese valor que te da la suma lo insertas en el campo Consumo anual de energ\u00eda (kWh) del calculador.<\/p>\n<p>Si solo tenes el historial de los \u00faltimos 6 meses en lugar de 12 meses, podes multiplicar por 2 la suma de los 6 meses, de ese modo vas a tener una estimado del consumo anual.<br \/>\nEn el caso que no tengas un historial de consumo en la factura podes buscar el consumo del periodo que te est\u00e1n facturando y multiplicarlo por 12 si es una facturaci\u00f3n mensual o por 6 si es una facturaci\u00f3n bimestral, de ese modo vas a tener una estimado del consumo anual.<\/p>\n<p>En la factura que ponemos de ejemplo el historial de consumo est\u00e1 encerrado en un recuadro azul y el consumo del periodo facturado en un recuadro rojo.[\/vc_column_text][vc_empty_space height=\u00bb3.2rem\u00bb alter_height=\u00bbnone\u00bb hide_on_desktop=\u00bb\u00bb hide_on_notebook=\u00bb\u00bb hide_on_tablet=\u00bb\u00bb hide_on_mobile=\u00bb\u00bb][vc_single_image image=\u00bb1861&#8243; img_size=\u00bblarge\u00bb][\/vc_tta_section][\/vc_tta_tabs][\/vc_column][\/vc_row]<\/p>\n","protected":false},"excerpt":{"rendered":"<p>[vc_row][vc_column icons_position=\u00bbleft\u00bb][vc_empty_space height=\u00bb3.2rem\u00bb alter_height=\u00bbnone\u00bb hide_on_desktop=\u00bb\u00bb hide_on_notebook=\u00bb\u00bb hide_on_tablet=\u00bb\u00bb hide_on_mobile=\u00bb\u00bb][\/vc_column][\/vc_row][vc_row full_width=\u00bbstretch_row\u00bb][vc_column width=\u00bb1\/2&#8243; icons_position=\u00bbleft\u00bb][vc_column_text] C\u00e1lculo de sistema fotovoltaico para Prosumidores Santa Fe En esta secci\u00f3n, podr\u00e1s calcular la potencia del sistema fotovoltaico necesario&hellip;<\/p>\n","protected":false},"author":2,"featured_media":0,"parent":0,"menu_order":0,"comment_status":"closed","ping_status":"closed","template":"","meta":{"footnotes":""},"class_list":["post-1846","page","type-page","status-publish","hentry"],"yoast_head":"<!-- This site is optimized with the Yoast SEO plugin v23.0 - https:\/\/yoast.com\/wordpress\/plugins\/seo\/ -->\n<title>C\u00e1lculo de sistema fotovoltaico - Tecsolar<\/title>\n<meta name=\"description\" content=\"En esta secci\u00f3n, podr\u00e1s calcular la potencia del sistema fotovoltaico necesario para cubrir un porcentaje de tu consumo anual de energ\u00eda. Simplemente ingresa la informaci\u00f3n solicitada y obt\u00e9n una estimaci\u00f3n precisa para tu sistema solar.\" \/>\n<meta name=\"robots\" content=\"index, follow, max-snippet:-1, max-image-preview:large, max-video-preview:-1\" \/>\n<link rel=\"canonical\" href=\"https:\/\/tecsolar.ar\/web\/calculo-de-sistema-fotovoltaico\/\" \/>\n<meta property=\"og:locale\" content=\"es_ES\" \/>\n<meta property=\"og:type\" content=\"article\" \/>\n<meta property=\"og:title\" content=\"C\u00e1lculo de sistema fotovoltaico - Tecsolar\" \/>\n<meta property=\"og:description\" content=\"En esta secci\u00f3n, podr\u00e1s calcular la potencia del sistema fotovoltaico necesario para cubrir un porcentaje de tu consumo anual de energ\u00eda. Simplemente ingresa la informaci\u00f3n solicitada y obt\u00e9n una estimaci\u00f3n precisa para tu sistema solar.\" \/>\n<meta property=\"og:url\" content=\"https:\/\/tecsolar.ar\/web\/calculo-de-sistema-fotovoltaico\/\" \/>\n<meta property=\"og:site_name\" content=\"Tecsolar\" \/>\n<meta property=\"article:publisher\" content=\"https:\/\/www.facebook.com\/tecsolar.arg\/\" \/>\n<meta property=\"article:modified_time\" content=\"2024-07-25T17:08:54+00:00\" \/>\n<meta name=\"twitter:card\" content=\"summary_large_image\" \/>\n<meta name=\"twitter:label1\" content=\"Tiempo de lectura\" \/>\n\t<meta name=\"twitter:data1\" content=\"5 minutos\" \/>\n<script type=\"application\/ld+json\" class=\"yoast-schema-graph\">{\"@context\":\"https:\/\/schema.org\",\"@graph\":[{\"@type\":\"WebPage\",\"@id\":\"https:\/\/tecsolar.ar\/web\/calculo-de-sistema-fotovoltaico\/\",\"url\":\"https:\/\/tecsolar.ar\/web\/calculo-de-sistema-fotovoltaico\/\",\"name\":\"C\u00e1lculo de sistema fotovoltaico - Tecsolar\",\"isPartOf\":{\"@id\":\"https:\/\/tecsolar.ar\/web\/#website\"},\"datePublished\":\"2024-07-24T16:44:58+00:00\",\"dateModified\":\"2024-07-25T17:08:54+00:00\",\"description\":\"En esta secci\u00f3n, podr\u00e1s calcular la potencia del sistema fotovoltaico necesario para cubrir un porcentaje de tu consumo anual de energ\u00eda. Simplemente ingresa la informaci\u00f3n solicitada y obt\u00e9n una estimaci\u00f3n precisa para tu sistema solar.\",\"breadcrumb\":{\"@id\":\"https:\/\/tecsolar.ar\/web\/calculo-de-sistema-fotovoltaico\/#breadcrumb\"},\"inLanguage\":\"es\",\"potentialAction\":[{\"@type\":\"ReadAction\",\"target\":[\"https:\/\/tecsolar.ar\/web\/calculo-de-sistema-fotovoltaico\/\"]}]},{\"@type\":\"BreadcrumbList\",\"@id\":\"https:\/\/tecsolar.ar\/web\/calculo-de-sistema-fotovoltaico\/#breadcrumb\",\"itemListElement\":[{\"@type\":\"ListItem\",\"position\":1,\"name\":\"Portada\",\"item\":\"https:\/\/tecsolar.ar\/web\/\"},{\"@type\":\"ListItem\",\"position\":2,\"name\":\"C\u00e1lculo de sistema fotovoltaico\"}]},{\"@type\":\"WebSite\",\"@id\":\"https:\/\/tecsolar.ar\/web\/#website\",\"url\":\"https:\/\/tecsolar.ar\/web\/\",\"name\":\"Tecsolar\",\"description\":\"Energ\u00eda Solar\",\"publisher\":{\"@id\":\"https:\/\/tecsolar.ar\/web\/#organization\"},\"potentialAction\":[{\"@type\":\"SearchAction\",\"target\":{\"@type\":\"EntryPoint\",\"urlTemplate\":\"https:\/\/tecsolar.ar\/web\/?s={search_term_string}\"},\"query-input\":\"required name=search_term_string\"}],\"inLanguage\":\"es\"},{\"@type\":\"Organization\",\"@id\":\"https:\/\/tecsolar.ar\/web\/#organization\",\"name\":\"Tecsolar\",\"url\":\"https:\/\/tecsolar.ar\/web\/\",\"logo\":{\"@type\":\"ImageObject\",\"inLanguage\":\"es\",\"@id\":\"https:\/\/tecsolar.ar\/web\/#\/schema\/logo\/image\/\",\"url\":\"https:\/\/tecsolar.ar\/web\/wp-content\/uploads\/2020\/09\/logo.png\",\"contentUrl\":\"https:\/\/tecsolar.ar\/web\/wp-content\/uploads\/2020\/09\/logo.png\",\"width\":204,\"height\":66,\"caption\":\"Tecsolar\"},\"image\":{\"@id\":\"https:\/\/tecsolar.ar\/web\/#\/schema\/logo\/image\/\"},\"sameAs\":[\"https:\/\/www.facebook.com\/tecsolar.arg\/\",\"https:\/\/www.instagram.com\/tecsolar.arg\/\",\"https:\/\/www.youtube.com\/@Tecsolararg\"]}]}<\/script>\n<!-- \/ Yoast SEO plugin. -->","yoast_head_json":{"title":"C\u00e1lculo de sistema fotovoltaico - Tecsolar","description":"En esta secci\u00f3n, podr\u00e1s calcular la potencia del sistema fotovoltaico necesario para cubrir un porcentaje de tu consumo anual de energ\u00eda. Simplemente ingresa la informaci\u00f3n solicitada y obt\u00e9n una estimaci\u00f3n precisa para tu sistema solar.","robots":{"index":"index","follow":"follow","max-snippet":"max-snippet:-1","max-image-preview":"max-image-preview:large","max-video-preview":"max-video-preview:-1"},"canonical":"https:\/\/tecsolar.ar\/web\/calculo-de-sistema-fotovoltaico\/","og_locale":"es_ES","og_type":"article","og_title":"C\u00e1lculo de sistema fotovoltaico - Tecsolar","og_description":"En esta secci\u00f3n, podr\u00e1s calcular la potencia del sistema fotovoltaico necesario para cubrir un porcentaje de tu consumo anual de energ\u00eda. Simplemente ingresa la informaci\u00f3n solicitada y obt\u00e9n una estimaci\u00f3n precisa para tu sistema solar.","og_url":"https:\/\/tecsolar.ar\/web\/calculo-de-sistema-fotovoltaico\/","og_site_name":"Tecsolar","article_publisher":"https:\/\/www.facebook.com\/tecsolar.arg\/","article_modified_time":"2024-07-25T17:08:54+00:00","twitter_card":"summary_large_image","twitter_misc":{"Tiempo de lectura":"5 minutos"},"schema":{"@context":"https:\/\/schema.org","@graph":[{"@type":"WebPage","@id":"https:\/\/tecsolar.ar\/web\/calculo-de-sistema-fotovoltaico\/","url":"https:\/\/tecsolar.ar\/web\/calculo-de-sistema-fotovoltaico\/","name":"C\u00e1lculo de sistema fotovoltaico - Tecsolar","isPartOf":{"@id":"https:\/\/tecsolar.ar\/web\/#website"},"datePublished":"2024-07-24T16:44:58+00:00","dateModified":"2024-07-25T17:08:54+00:00","description":"En esta secci\u00f3n, podr\u00e1s calcular la potencia del sistema fotovoltaico necesario para cubrir un porcentaje de tu consumo anual de energ\u00eda. Simplemente ingresa la informaci\u00f3n solicitada y obt\u00e9n una estimaci\u00f3n precisa para tu sistema solar.","breadcrumb":{"@id":"https:\/\/tecsolar.ar\/web\/calculo-de-sistema-fotovoltaico\/#breadcrumb"},"inLanguage":"es","potentialAction":[{"@type":"ReadAction","target":["https:\/\/tecsolar.ar\/web\/calculo-de-sistema-fotovoltaico\/"]}]},{"@type":"BreadcrumbList","@id":"https:\/\/tecsolar.ar\/web\/calculo-de-sistema-fotovoltaico\/#breadcrumb","itemListElement":[{"@type":"ListItem","position":1,"name":"Portada","item":"https:\/\/tecsolar.ar\/web\/"},{"@type":"ListItem","position":2,"name":"C\u00e1lculo de sistema fotovoltaico"}]},{"@type":"WebSite","@id":"https:\/\/tecsolar.ar\/web\/#website","url":"https:\/\/tecsolar.ar\/web\/","name":"Tecsolar","description":"Energ\u00eda Solar","publisher":{"@id":"https:\/\/tecsolar.ar\/web\/#organization"},"potentialAction":[{"@type":"SearchAction","target":{"@type":"EntryPoint","urlTemplate":"https:\/\/tecsolar.ar\/web\/?s={search_term_string}"},"query-input":"required name=search_term_string"}],"inLanguage":"es"},{"@type":"Organization","@id":"https:\/\/tecsolar.ar\/web\/#organization","name":"Tecsolar","url":"https:\/\/tecsolar.ar\/web\/","logo":{"@type":"ImageObject","inLanguage":"es","@id":"https:\/\/tecsolar.ar\/web\/#\/schema\/logo\/image\/","url":"https:\/\/tecsolar.ar\/web\/wp-content\/uploads\/2020\/09\/logo.png","contentUrl":"https:\/\/tecsolar.ar\/web\/wp-content\/uploads\/2020\/09\/logo.png","width":204,"height":66,"caption":"Tecsolar"},"image":{"@id":"https:\/\/tecsolar.ar\/web\/#\/schema\/logo\/image\/"},"sameAs":["https:\/\/www.facebook.com\/tecsolar.arg\/","https:\/\/www.instagram.com\/tecsolar.arg\/","https:\/\/www.youtube.com\/@Tecsolararg"]}]}},"_links":{"self":[{"href":"https:\/\/tecsolar.ar\/web\/wp-json\/wp\/v2\/pages\/1846","targetHints":{"allow":["GET"]}}],"collection":[{"href":"https:\/\/tecsolar.ar\/web\/wp-json\/wp\/v2\/pages"}],"about":[{"href":"https:\/\/tecsolar.ar\/web\/wp-json\/wp\/v2\/types\/page"}],"author":[{"embeddable":true,"href":"https:\/\/tecsolar.ar\/web\/wp-json\/wp\/v2\/users\/2"}],"replies":[{"embeddable":true,"href":"https:\/\/tecsolar.ar\/web\/wp-json\/wp\/v2\/comments?post=1846"}],"version-history":[{"count":22,"href":"https:\/\/tecsolar.ar\/web\/wp-json\/wp\/v2\/pages\/1846\/revisions"}],"predecessor-version":[{"id":1877,"href":"https:\/\/tecsolar.ar\/web\/wp-json\/wp\/v2\/pages\/1846\/revisions\/1877"}],"wp:attachment":[{"href":"https:\/\/tecsolar.ar\/web\/wp-json\/wp\/v2\/media?parent=1846"}],"curies":[{"name":"wp","href":"https:\/\/api.w.org\/{rel}","templated":true}]}}