{"id":1705,"date":"2024-07-08T21:22:38","date_gmt":"2024-07-08T21:22:38","guid":{"rendered":"https:\/\/tecsolar.ar\/web\/?page_id=1705"},"modified":"2024-07-10T14:55:35","modified_gmt":"2024-07-10T14:55:35","slug":"sobre-tecsolar","status":"publish","type":"page","link":"https:\/\/tecsolar.ar\/web\/sobre-tecsolar\/","title":{"rendered":"Sobre Tecsolar"},"content":{"rendered":"<p>[vc_row css_animation=\u00bbslideInUp\u00bb row_padding_table=\u00bb\u00bb hide_bg_image_on_tablet=\u00bb\u00bb hide_bg_image_on_mobile=\u00bb\u00bb][vc_column icons_position=\u00bbleft\u00bb][vc_empty_space height=\u00bb4rem\u00bb alter_height=\u00bbnone\u00bb hide_on_desktop=\u00bb\u00bb hide_on_notebook=\u00bb\u00bb hide_on_tablet=\u00bb\u00bb hide_on_mobile=\u00bb\u00bb]<div id=\"sc_title_907939585\"\n\t\tclass=\"sc_title color_style_default sc_title_default\"><h6 class=\"sc_item_subtitle sc_title_subtitle sc_align_center sc_item_title_style_default\">Somos especialistas en el dise\u00f1o e instalaci\u00f3n de sistemas de energ\u00eda solar seguros, eficientes y sencillos.<\/h6><h3 class=\"sc_item_title sc_title_title sc_align_center sc_item_title_style_default\">M\u00e1s de 15 a\u00f1os en el rubro de las energ\u00edas renovables<\/h3><div class=\"sc_item_descr sc_title_descr sc_align_center sc_item_title_style_default\"><p>En el vertiginoso crecimiento de los sistemas de energ\u00edas renovables, sus beneficios son innegables. Sin embargo, es crucial reconocer los riesgos potenciales para los consumidores si no se toman las medidas adecuadas. Poner en funcionamiento una instalaci\u00f3n solar es m\u00e1s accesible que nunca, pero asegurar su operatividad a lo largo del tiempo es el verdadero desaf\u00edo. En Tecsolar, entendemos la importancia de esta decisi\u00f3n y nos comprometemos a brindar una soluci\u00f3n informada, educada y sobre todo, segura.<\/p>\n<\/div><\/div><!-- \/.sc_title -->[vc_empty_space height=\u00bb3.15rem\u00bb alter_height=\u00bbnone\u00bb hide_on_desktop=\u00bb\u00bb hide_on_notebook=\u00bb\u00bb hide_on_tablet=\u00bb\u00bb hide_on_mobile=\u00bb\u00bb]<div id=\"sc_title_105725209\"\n\t\tclass=\"sc_title color_style_default sc_title_default\"><h6 class=\"sc_item_subtitle sc_title_subtitle sc_align_center sc_item_title_style_default\">Nuestra Filosof\u00eda de Trabajo<\/h6><div class=\"sc_item_descr sc_title_descr sc_align_center sc_item_title_style_default\"><p>En Tecsolar, asumimos la responsabilidad de liderar el camino en la instalaci\u00f3n de energ\u00edas renovables. Aplicamos procedimientos internacionales y todas las normativas locales en cada proyecto. Buscamos no solo crear instalaciones seguras sino tambi\u00e9n maximizar la eficiencia energ\u00e9tica a lo largo del tiempo.<\/p>\n<\/div><\/div><!-- \/.sc_title -->[vc_empty_space height=\u00bb3.15rem\u00bb alter_height=\u00bbnone\u00bb hide_on_desktop=\u00bb\u00bb hide_on_notebook=\u00bb\u00bb hide_on_tablet=\u00bb\u00bb hide_on_mobile=\u00bb\u00bb]<div id=\"sc_icons_1353493626\" \n\tclass=\"sc_icons sc_icons_modern sc_icons_size_medium sc_align_center\"><div class=\"sc_icons_columns_wrap sc_item_columns trx_addons_columns_wrap columns_padding_bottom\"><div class=\"trx_addons_column-1_3\"><div class=\"sc_icons_item\"><div class=\"sc_icons_item_content\"><h4 class=\"sc_icons_item_title\"><span>Selecci\u00f3n de Proveedores<\/span><\/h4><div class=\"sc_icons_item_description\"><span>Optamos por trabajar con marcas l\u00edderes a nivel mundial, seleccionando socios comerciales bas\u00e1ndonos en criterios de calidad, trayectoria y seriedad, no solo en t\u00e9rminos de precio.<\/span><\/div><\/div><div class=\"sc_icon_item_number_container alter_border_color\"><div class=\"sc_icon_item_number_content\"><span class=\"sc_icon_item_number\"> 1<\/span><\/div><\/div><\/div><\/div><div class=\"trx_addons_column-1_3\"><div class=\"sc_icons_item\"><div class=\"sc_icons_item_content\"><h4 class=\"sc_icons_item_title\"><span>Innovaci\u00f3n en el Dise\u00f1o<\/span><\/h4><div class=\"sc_icons_item_description\"><span>Nuestro equipo de ingenieros se esfuerza por superarse en cada proyecto, enfoc\u00e1ndose en la innovaci\u00f3n y la mejora continua en cada dise\u00f1o.<\/span><\/div><\/div><div class=\"sc_icon_item_number_container alter_border_color\"><div class=\"sc_icon_item_number_content\"><span class=\"sc_icon_item_number\"> 2<\/span><\/div><\/div><\/div><\/div><div class=\"trx_addons_column-1_3\"><div class=\"sc_icons_item\"><div class=\"sc_icons_item_content\"><h4 class=\"sc_icons_item_title\"><span>Formaci\u00f3n de Instaladores<\/span><\/h4><div class=\"sc_icons_item_description\"><span>Nos preocupamos por la capacitaci\u00f3n y equipamiento continuo de nuestros instaladores, asegurando que est\u00e9n preparados para enfrentar cualquier desaf\u00edo con conocimiento y profesionalismo.<\/span><\/div><\/div><div class=\"sc_icon_item_number_container alter_border_color\"><div class=\"sc_icon_item_number_content\"><span class=\"sc_icon_item_number\"> 3<\/span><\/div><\/div><\/div><\/div><\/div><\/div><!-- \/.sc_icons -->[\/vc_column][\/vc_row][vc_row full_width=\u00bbstretch_row_content\u00bb equal_height=\u00bbyes\u00bb content_placement=\u00bbmiddle\u00bb css_animation=\u00bbslideInUp\u00bb scheme=\u00bbdark\u00bb][vc_column width=\u00bb1\/2&#8243; fix_column=\u00bb\u00bb hide_bg_image_on_tablet=\u00bb\u00bb hide_bg_image_on_mobile=\u00bb\u00bb icons_position=\u00bbleft\u00bb css=\u00bb.vc_custom_1660700499011{margin-right: 15px !important;margin-left: 15px !important;background-color: #5c8790 !important;}\u00bb offset=\u00bbvc_col-md-6&#8243;][vc_row_inner][vc_column_inner icons_position=\u00bbleft\u00bb offset=\u00bbvc_hidden-xs\u00bb][vc_empty_space height=\u00bb3rem\u00bb alter_height=\u00bbnone\u00bb hide_on_desktop=\u00bb\u00bb hide_on_notebook=\u00bb\u00bb hide_on_tablet=\u00bb\u00bb hide_on_mobile=\u00bb\u00bb][\/vc_column_inner][vc_column_inner icons_position=\u00bbleft\u00bb offset=\u00bbvc_hidden-lg vc_hidden-md vc_hidden-sm\u00bb][vc_empty_space height=\u00bb1rem\u00bb alter_height=\u00bbnone\u00bb hide_on_desktop=\u00bb\u00bb hide_on_notebook=\u00bb\u00bb hide_on_tablet=\u00bb\u00bb hide_on_mobile=\u00bb\u00bb][\/vc_column_inner][\/vc_row_inner][vc_empty_space height=\u00bb3.3rem\u00bb alter_height=\u00bbnone\u00bb hide_on_desktop=\u00bb\u00bb hide_on_notebook=\u00bb\u00bb hide_on_tablet=\u00bb\u00bb hide_on_mobile=\u00bb\u00bb][vc_row_inner][vc_column_inner hide_bg_image_on_tablet=\u00bb\u00bb hide_bg_image_on_mobile=\u00bb\u00bb icons_position=\u00bbleft\u00bb offset=\u00bbvc_col-lg-offset-3 vc_col-lg-6&#8243;]<div id=\"sc_title_1653502202\"\n\t\tclass=\"sc_title color_style_dark sc_title_default\"><h4 class=\"sc_item_title sc_title_title sc_align_center sc_item_title_style_default sc_item_title_tag\">Invertir en Seguridad es Invertir en el Futuro<\/h4><div class=\"sc_item_descr sc_title_descr sc_align_center sc_item_title_style_default\"><p>Instalar sistemas solares es una inversi\u00f3n a largo plazo. Hogares y empresas deben informarse sobre los riesgos asociados con instaladores informales o inexpertos. En Tecsolar, estamos comprometidos a elevar los est\u00e1ndares de la industria, brindando soluciones seguras y eficientes. No comprometas la seguridad y la calidad por precios bajos a corto plazo. \u00a1Conf\u00eda en Tecsolar para un futuro energ\u00e9tico confiable y sostenible!<\/p>\n<\/div><\/div><!-- \/.sc_title -->[vc_empty_space height=\u00bb2.6rem\u00bb alter_height=\u00bbnone\u00bb hide_on_desktop=\u00bb\u00bb hide_on_notebook=\u00bb\u00bb hide_on_tablet=\u00bb\u00bb hide_on_mobile=\u00bb\u00bb][\/vc_column_inner][\/vc_row_inner][vc_row_inner][vc_column_inner icons_position=\u00bbleft\u00bb offset=\u00bbvc_hidden-sm vc_hidden-xs\u00bb][vc_empty_space height=\u00bb2.45rem\u00bb alter_height=\u00bbnone\u00bb hide_on_desktop=\u00bb\u00bb hide_on_notebook=\u00bb\u00bb hide_on_tablet=\u00bb\u00bb hide_on_mobile=\u00bb\u00bb][\/vc_column_inner][\/vc_row_inner][vc_empty_space height=\u00bb3rem\u00bb alter_height=\u00bbnone\u00bb hide_on_desktop=\u00bb\u00bb hide_on_notebook=\u00bb\u00bb hide_on_tablet=\u00bb\u00bb hide_on_mobile=\u00bb\u00bb][\/vc_column][vc_column width=\u00bb1\/2&#8243; fix_column=\u00bb\u00bb hide_bg_image_on_tablet=\u00bb\u00bb hide_bg_image_on_mobile=\u00bb\u00bb icons_position=\u00bbleft\u00bb css=\u00bb.vc_custom_1660700957592{margin-right: 15px !important;margin-left: 15px !important;padding-top: 0px !important;padding-right: 0px !important;padding-bottom: 0px !important;padding-left: 0px !important;background-image: url(https:\/\/tecsolar.ar\/web\/wp-content\/uploads\/2022\/08\/moro-para-web-1.jpg?id=1382) !important;background-position: top right !important;background-repeat: no-repeat !important;background-size: cover !important;}\u00bb offset=\u00bbvc_col-md-6&#8243;][vc_empty_space height=\u00bb20rem\u00bb alter_height=\u00bbnone\u00bb hide_on_desktop=\u00bb\u00bb hide_on_notebook=\u00bb\u00bb hide_on_tablet=\u00bb\u00bb hide_on_mobile=\u00bb\u00bb][\/vc_column][\/vc_row][vc_row css_animation=\u00bbslideInUp\u00bb row_padding_table=\u00bb\u00bb hide_bg_image_on_tablet=\u00bb\u00bb hide_bg_image_on_mobile=\u00bb\u00bb][vc_column icons_position=\u00bbleft\u00bb][vc_empty_space height=\u00bb3.15rem\u00bb alter_height=\u00bbnone\u00bb hide_on_desktop=\u00bb\u00bb hide_on_notebook=\u00bb\u00bb hide_on_tablet=\u00bb\u00bb hide_on_mobile=\u00bb\u00bb]<div id=\"sc_title_1553580206\"\n\t\tclass=\"sc_title color_style_default sc_title_default\"><h3 class=\"sc_item_title sc_title_title sc_align_center sc_item_title_style_default\">Riesgos de Confianza en Instaladores Informales<\/h3><div class=\"sc_item_descr sc_title_descr sc_align_center sc_item_title_style_default\"><p>A pesar del auge de nuevas empresas de energ\u00eda solar, muchas desaparecen debido a la complejidad del rubro. La falta de conocimiento normativo internacional y local lleva a cotizaciones incompletas y dise\u00f1os ineficientes.<\/p>\n<\/div><\/div><!-- \/.sc_title -->[vc_empty_space height=\u00bb3.15rem\u00bb alter_height=\u00bbnone\u00bb hide_on_desktop=\u00bb\u00bb hide_on_notebook=\u00bb\u00bb hide_on_tablet=\u00bb\u00bb hide_on_mobile=\u00bb\u00bb]<div id=\"sc_icons_634469948\" \n\tclass=\"sc_icons sc_icons_modern sc_icons_size_medium sc_align_center\"><div class=\"sc_icons_columns_wrap sc_item_columns trx_addons_columns_wrap columns_padding_bottom\"><div class=\"trx_addons_column-1_3\"><div class=\"sc_icons_item\"><div class=\"sc_icons_item_content\"><h4 class=\"sc_icons_item_title\"><span>Fallas en Dise\u00f1os y C\u00e1lculos<\/span><\/h4><div class=\"sc_icons_item_description\"><span>Empresas emergentes a menudo presentan estructuras soporte mal calculadas y propuestas inseguras debido a la falta de conocimiento t\u00e9cnico.<\/span><\/div><\/div><div class=\"sc_icon_item_number_container alter_border_color\"><div class=\"sc_icon_item_number_content\"><span class=\"sc_icon_item_number\"> 1<\/span><\/div><\/div><\/div><\/div><div class=\"trx_addons_column-1_3\"><div class=\"sc_icons_item\"><div class=\"sc_icons_item_content\"><h4 class=\"sc_icons_item_title\"><span>Desconocimiento de Normativas<\/span><\/h4><div class=\"sc_icons_item_description\"><span>La ignorancia de normativas internacionales y locales puede resultar en instalaciones ineficientes e inseguras, poniendo en riesgo a hogares y empresas.<\/span><\/div><\/div><div class=\"sc_icon_item_number_container alter_border_color\"><div class=\"sc_icon_item_number_content\"><span class=\"sc_icon_item_number\"> 2<\/span><\/div><\/div><\/div><\/div><div class=\"trx_addons_column-1_3\"><div class=\"sc_icons_item\"><div class=\"sc_icons_item_content\"><h4 class=\"sc_icons_item_title\"><span>Incidentes de Seguridad<\/span><\/h4><div class=\"sc_icons_item_description\"><span>Instalaciones deficientes pueden desencadenar incendios el\u00e9ctricos o da\u00f1os estructurales, generando preocupaci\u00f3n en la industria.<\/span><\/div><\/div><div class=\"sc_icon_item_number_container alter_border_color\"><div class=\"sc_icon_item_number_content\"><span class=\"sc_icon_item_number\"> 3<\/span><\/div><\/div><\/div><\/div><\/div><\/div><!-- \/.sc_icons -->[vc_empty_space height=\u00bb3.15rem\u00bb alter_height=\u00bbnone\u00bb hide_on_desktop=\u00bb\u00bb hide_on_notebook=\u00bb\u00bb hide_on_tablet=\u00bb\u00bb hide_on_mobile=\u00bb\u00bb][vc_cta h2=\u00bb\u00bb h4=\u00bb\u00a1Solicita tu asesoramiento gratuito y descubre c\u00f3mo puedes comenzar a utilizar la energ\u00eda solar para reducir tus costos y contribuir al medio ambiente!\u00bb add_button=\u00bbright\u00bb btn_title=\u00bbEstamos a un clic\u00bb btn_color=\u00bborange\u00bb btn_size=\u00bblg\u00bb btn_i_icon_fontawesome=\u00bbicon-icon5&#8243; btn_add_icon=\u00bbtrue\u00bb btn_link=\u00bburl:https%3A%2F%2Ftecsolar.ar%2Fweb%2Fcontacto%2F|title:Contacto||\u00bb][\/vc_cta][\/vc_column][\/vc_row][vc_row css_animation=\u00bbslideInUp\u00bb row_padding_table=\u00bb\u00bb hide_bg_image_on_tablet=\u00bb\u00bb hide_bg_image_on_mobile=\u00bb\u00bb][vc_column icons_position=\u00bbleft\u00bb][vc_empty_space height=\u00bb2rem\u00bb alter_height=\u00bbnone\u00bb hide_on_desktop=\u00bb\u00bb hide_on_notebook=\u00bb\u00bb hide_on_tablet=\u00bb\u00bb hide_on_mobile=\u00bb\u00bb][vc_column_text css_animation=\u00bbbottom-to-top\u00bb]<\/p>\n<h5 style=\"text-align: center;\">Algunos de nuestros clientes<\/h5>\n<p>[\/vc_column_text][vc_empty_space height=\u00bb2rem\u00bb alter_height=\u00bbnone\u00bb hide_on_desktop=\u00bb\u00bb hide_on_notebook=\u00bb\u00bb hide_on_tablet=\u00bb\u00bb hide_on_mobile=\u00bb\u00bb][vc_images_carousel images=\u00bb1328,1329,1331,1332,1334,1335,1336,1337,1338,1339,1340,1341,1342,1343,1345,1346&#8243; img_size=\u00bb1000&#215;200&#8243; onclick=\u00bblink_no\u00bb speed=\u00bb1000&#8243; slides_per_view=\u00bb7&#8243; autoplay=\u00bbyes\u00bb hide_pagination_control=\u00bbyes\u00bb wrap=\u00bbyes\u00bb css_animation=\u00bbfadeIn\u00bb][vc_empty_space height=\u00bb2rem\u00bb alter_height=\u00bbnone\u00bb hide_on_desktop=\u00bb\u00bb hide_on_notebook=\u00bb\u00bb hide_on_tablet=\u00bb\u00bb hide_on_mobile=\u00bb\u00bb][\/vc_column][\/vc_row]<\/p>\n","protected":false},"excerpt":{"rendered":"<p>[vc_row css_animation=\u00bbslideInUp\u00bb row_padding_table=\u00bb\u00bb hide_bg_image_on_tablet=\u00bb\u00bb hide_bg_image_on_mobile=\u00bb\u00bb][vc_column icons_position=\u00bbleft\u00bb][vc_empty_space height=\u00bb4rem\u00bb alter_height=\u00bbnone\u00bb hide_on_desktop=\u00bb\u00bb hide_on_notebook=\u00bb\u00bb hide_on_tablet=\u00bb\u00bb hide_on_mobile=\u00bb\u00bb][vc_empty_space height=\u00bb3.15rem\u00bb alter_height=\u00bbnone\u00bb hide_on_desktop=\u00bb\u00bb hide_on_notebook=\u00bb\u00bb hide_on_tablet=\u00bb\u00bb hide_on_mobile=\u00bb\u00bb][vc_empty_space height=\u00bb3.15rem\u00bb alter_height=\u00bbnone\u00bb hide_on_desktop=\u00bb\u00bb hide_on_notebook=\u00bb\u00bb hide_on_tablet=\u00bb\u00bb hide_on_mobile=\u00bb\u00bb][\/vc_column][\/vc_row][vc_row full_width=\u00bbstretch_row_content\u00bb equal_height=\u00bbyes\u00bb content_placement=\u00bbmiddle\u00bb css_animation=\u00bbslideInUp\u00bb scheme=\u00bbdark\u00bb][vc_column width=\u00bb1\/2&#8243;&hellip;<\/p>\n","protected":false},"author":2,"featured_media":0,"parent":0,"menu_order":0,"comment_status":"closed","ping_status":"closed","template":"","meta":{"footnotes":""},"class_list":["post-1705","page","type-page","status-publish","hentry"],"yoast_head":"<!-- This site is optimized with the Yoast SEO plugin v23.0 - https:\/\/yoast.com\/wordpress\/plugins\/seo\/ -->\n<title>Sobre Tecsolar - Tecsolar<\/title>\n<meta name=\"description\" content=\"Con m\u00e1s de 15 a\u00f1os de experiencia en energ\u00edas renovables, Tecsolar lidera el camino en instalaciones solares seguras y eficientes. En un mercado en constante crecimiento, entendemos los riesgos potenciales para los consumidores y nos comprometemos a ofrecer soluciones informadas y seguras. Aplicamos procedimientos internacionales y normativas locales para garantizar la m\u00e1xima eficiencia energ\u00e9tica a largo plazo.\" \/>\n<meta name=\"robots\" content=\"index, follow, max-snippet:-1, max-image-preview:large, max-video-preview:-1\" \/>\n<link rel=\"canonical\" href=\"https:\/\/tecsolar.ar\/web\/sobre-tecsolar\/\" \/>\n<meta property=\"og:locale\" content=\"es_ES\" \/>\n<meta property=\"og:type\" content=\"article\" \/>\n<meta property=\"og:title\" content=\"Sobre Tecsolar - Tecsolar\" \/>\n<meta property=\"og:description\" content=\"Con m\u00e1s de 15 a\u00f1os de experiencia en energ\u00edas renovables, Tecsolar lidera el camino en instalaciones solares seguras y eficientes. En un mercado en constante crecimiento, entendemos los riesgos potenciales para los consumidores y nos comprometemos a ofrecer soluciones informadas y seguras. Aplicamos procedimientos internacionales y normativas locales para garantizar la m\u00e1xima eficiencia energ\u00e9tica a largo plazo.\" \/>\n<meta property=\"og:url\" content=\"https:\/\/tecsolar.ar\/web\/sobre-tecsolar\/\" \/>\n<meta property=\"og:site_name\" content=\"Tecsolar\" \/>\n<meta property=\"article:publisher\" content=\"https:\/\/www.facebook.com\/tecsolar.arg\/\" \/>\n<meta property=\"article:modified_time\" content=\"2024-07-10T14:55:35+00:00\" \/>\n<meta name=\"twitter:card\" content=\"summary_large_image\" \/>\n<meta name=\"twitter:label1\" content=\"Tiempo de lectura\" \/>\n\t<meta name=\"twitter:data1\" content=\"3 minutos\" \/>\n<script type=\"application\/ld+json\" class=\"yoast-schema-graph\">{\"@context\":\"https:\/\/schema.org\",\"@graph\":[{\"@type\":\"WebPage\",\"@id\":\"https:\/\/tecsolar.ar\/web\/sobre-tecsolar\/\",\"url\":\"https:\/\/tecsolar.ar\/web\/sobre-tecsolar\/\",\"name\":\"Sobre Tecsolar - Tecsolar\",\"isPartOf\":{\"@id\":\"https:\/\/tecsolar.ar\/web\/#website\"},\"datePublished\":\"2024-07-08T21:22:38+00:00\",\"dateModified\":\"2024-07-10T14:55:35+00:00\",\"description\":\"Con m\u00e1s de 15 a\u00f1os de experiencia en energ\u00edas renovables, Tecsolar lidera el camino en instalaciones solares seguras y eficientes. En un mercado en constante crecimiento, entendemos los riesgos potenciales para los consumidores y nos comprometemos a ofrecer soluciones informadas y seguras. Aplicamos procedimientos internacionales y normativas locales para garantizar la m\u00e1xima eficiencia energ\u00e9tica a largo plazo.\",\"breadcrumb\":{\"@id\":\"https:\/\/tecsolar.ar\/web\/sobre-tecsolar\/#breadcrumb\"},\"inLanguage\":\"es\",\"potentialAction\":[{\"@type\":\"ReadAction\",\"target\":[\"https:\/\/tecsolar.ar\/web\/sobre-tecsolar\/\"]}]},{\"@type\":\"BreadcrumbList\",\"@id\":\"https:\/\/tecsolar.ar\/web\/sobre-tecsolar\/#breadcrumb\",\"itemListElement\":[{\"@type\":\"ListItem\",\"position\":1,\"name\":\"Portada\",\"item\":\"https:\/\/tecsolar.ar\/web\/\"},{\"@type\":\"ListItem\",\"position\":2,\"name\":\"Sobre Tecsolar\"}]},{\"@type\":\"WebSite\",\"@id\":\"https:\/\/tecsolar.ar\/web\/#website\",\"url\":\"https:\/\/tecsolar.ar\/web\/\",\"name\":\"Tecsolar\",\"description\":\"Energ\u00eda Solar\",\"publisher\":{\"@id\":\"https:\/\/tecsolar.ar\/web\/#organization\"},\"potentialAction\":[{\"@type\":\"SearchAction\",\"target\":{\"@type\":\"EntryPoint\",\"urlTemplate\":\"https:\/\/tecsolar.ar\/web\/?s={search_term_string}\"},\"query-input\":\"required name=search_term_string\"}],\"inLanguage\":\"es\"},{\"@type\":\"Organization\",\"@id\":\"https:\/\/tecsolar.ar\/web\/#organization\",\"name\":\"Tecsolar\",\"url\":\"https:\/\/tecsolar.ar\/web\/\",\"logo\":{\"@type\":\"ImageObject\",\"inLanguage\":\"es\",\"@id\":\"https:\/\/tecsolar.ar\/web\/#\/schema\/logo\/image\/\",\"url\":\"https:\/\/tecsolar.ar\/web\/wp-content\/uploads\/2020\/09\/logo.png\",\"contentUrl\":\"https:\/\/tecsolar.ar\/web\/wp-content\/uploads\/2020\/09\/logo.png\",\"width\":204,\"height\":66,\"caption\":\"Tecsolar\"},\"image\":{\"@id\":\"https:\/\/tecsolar.ar\/web\/#\/schema\/logo\/image\/\"},\"sameAs\":[\"https:\/\/www.facebook.com\/tecsolar.arg\/\",\"https:\/\/www.instagram.com\/tecsolar.arg\/\",\"https:\/\/www.youtube.com\/@Tecsolararg\"]}]}<\/script>\n<!-- \/ Yoast SEO plugin. -->","yoast_head_json":{"title":"Sobre Tecsolar - Tecsolar","description":"Con m\u00e1s de 15 a\u00f1os de experiencia en energ\u00edas renovables, Tecsolar lidera el camino en instalaciones solares seguras y eficientes. En un mercado en constante crecimiento, entendemos los riesgos potenciales para los consumidores y nos comprometemos a ofrecer soluciones informadas y seguras. Aplicamos procedimientos internacionales y normativas locales para garantizar la m\u00e1xima eficiencia energ\u00e9tica a largo plazo.","robots":{"index":"index","follow":"follow","max-snippet":"max-snippet:-1","max-image-preview":"max-image-preview:large","max-video-preview":"max-video-preview:-1"},"canonical":"https:\/\/tecsolar.ar\/web\/sobre-tecsolar\/","og_locale":"es_ES","og_type":"article","og_title":"Sobre Tecsolar - Tecsolar","og_description":"Con m\u00e1s de 15 a\u00f1os de experiencia en energ\u00edas renovables, Tecsolar lidera el camino en instalaciones solares seguras y eficientes. En un mercado en constante crecimiento, entendemos los riesgos potenciales para los consumidores y nos comprometemos a ofrecer soluciones informadas y seguras. Aplicamos procedimientos internacionales y normativas locales para garantizar la m\u00e1xima eficiencia energ\u00e9tica a largo plazo.","og_url":"https:\/\/tecsolar.ar\/web\/sobre-tecsolar\/","og_site_name":"Tecsolar","article_publisher":"https:\/\/www.facebook.com\/tecsolar.arg\/","article_modified_time":"2024-07-10T14:55:35+00:00","twitter_card":"summary_large_image","twitter_misc":{"Tiempo de lectura":"3 minutos"},"schema":{"@context":"https:\/\/schema.org","@graph":[{"@type":"WebPage","@id":"https:\/\/tecsolar.ar\/web\/sobre-tecsolar\/","url":"https:\/\/tecsolar.ar\/web\/sobre-tecsolar\/","name":"Sobre Tecsolar - Tecsolar","isPartOf":{"@id":"https:\/\/tecsolar.ar\/web\/#website"},"datePublished":"2024-07-08T21:22:38+00:00","dateModified":"2024-07-10T14:55:35+00:00","description":"Con m\u00e1s de 15 a\u00f1os de experiencia en energ\u00edas renovables, Tecsolar lidera el camino en instalaciones solares seguras y eficientes. En un mercado en constante crecimiento, entendemos los riesgos potenciales para los consumidores y nos comprometemos a ofrecer soluciones informadas y seguras. Aplicamos procedimientos internacionales y normativas locales para garantizar la m\u00e1xima eficiencia energ\u00e9tica a largo plazo.","breadcrumb":{"@id":"https:\/\/tecsolar.ar\/web\/sobre-tecsolar\/#breadcrumb"},"inLanguage":"es","potentialAction":[{"@type":"ReadAction","target":["https:\/\/tecsolar.ar\/web\/sobre-tecsolar\/"]}]},{"@type":"BreadcrumbList","@id":"https:\/\/tecsolar.ar\/web\/sobre-tecsolar\/#breadcrumb","itemListElement":[{"@type":"ListItem","position":1,"name":"Portada","item":"https:\/\/tecsolar.ar\/web\/"},{"@type":"ListItem","position":2,"name":"Sobre Tecsolar"}]},{"@type":"WebSite","@id":"https:\/\/tecsolar.ar\/web\/#website","url":"https:\/\/tecsolar.ar\/web\/","name":"Tecsolar","description":"Energ\u00eda Solar","publisher":{"@id":"https:\/\/tecsolar.ar\/web\/#organization"},"potentialAction":[{"@type":"SearchAction","target":{"@type":"EntryPoint","urlTemplate":"https:\/\/tecsolar.ar\/web\/?s={search_term_string}"},"query-input":"required name=search_term_string"}],"inLanguage":"es"},{"@type":"Organization","@id":"https:\/\/tecsolar.ar\/web\/#organization","name":"Tecsolar","url":"https:\/\/tecsolar.ar\/web\/","logo":{"@type":"ImageObject","inLanguage":"es","@id":"https:\/\/tecsolar.ar\/web\/#\/schema\/logo\/image\/","url":"https:\/\/tecsolar.ar\/web\/wp-content\/uploads\/2020\/09\/logo.png","contentUrl":"https:\/\/tecsolar.ar\/web\/wp-content\/uploads\/2020\/09\/logo.png","width":204,"height":66,"caption":"Tecsolar"},"image":{"@id":"https:\/\/tecsolar.ar\/web\/#\/schema\/logo\/image\/"},"sameAs":["https:\/\/www.facebook.com\/tecsolar.arg\/","https:\/\/www.instagram.com\/tecsolar.arg\/","https:\/\/www.youtube.com\/@Tecsolararg"]}]}},"_links":{"self":[{"href":"https:\/\/tecsolar.ar\/web\/wp-json\/wp\/v2\/pages\/1705","targetHints":{"allow":["GET"]}}],"collection":[{"href":"https:\/\/tecsolar.ar\/web\/wp-json\/wp\/v2\/pages"}],"about":[{"href":"https:\/\/tecsolar.ar\/web\/wp-json\/wp\/v2\/types\/page"}],"author":[{"embeddable":true,"href":"https:\/\/tecsolar.ar\/web\/wp-json\/wp\/v2\/users\/2"}],"replies":[{"embeddable":true,"href":"https:\/\/tecsolar.ar\/web\/wp-json\/wp\/v2\/comments?post=1705"}],"version-history":[{"count":17,"href":"https:\/\/tecsolar.ar\/web\/wp-json\/wp\/v2\/pages\/1705\/revisions"}],"predecessor-version":[{"id":1729,"href":"https:\/\/tecsolar.ar\/web\/wp-json\/wp\/v2\/pages\/1705\/revisions\/1729"}],"wp:attachment":[{"href":"https:\/\/tecsolar.ar\/web\/wp-json\/wp\/v2\/media?parent=1705"}],"curies":[{"name":"wp","href":"https:\/\/api.w.org\/{rel}","templated":true}]}}