{"id":105,"date":"2017-11-14T15:02:27","date_gmt":"2017-11-14T15:02:27","guid":{"rendered":"http:\/\/soleng.axiomthemes.com\/?page_id=105"},"modified":"2024-07-08T18:26:15","modified_gmt":"2024-07-08T18:26:15","slug":"contacto","status":"publish","type":"page","link":"https:\/\/tecsolar.ar\/web\/contacto\/","title":{"rendered":"Contacto"},"content":{"rendered":"<p>[vc_row][vc_column icons_position=\u00bbleft\u00bb][vc_empty_space alter_height=\u00bbnone\u00bb hide_on_desktop=\u00bb\u00bb hide_on_notebook=\u00bb\u00bb hide_on_tablet=\u00bb\u00bb hide_on_mobile=\u00bb\u00bb]<div id=\"sc_title_594710272\"\n\t\tclass=\"sc_title color_style_default sc_title_default\"><h3 class=\"sc_item_title sc_title_title sc_align_center sc_item_title_style_default\">V\u00edas de contacto<\/h3><div class=\"sc_item_descr sc_title_descr sc_align_center sc_item_title_style_default\"><p>Cont\u00e1ctanos dejando tus datos por el medio que prefieras y en 24 horas, uno de nuestros asesores te ofrecer\u00e1 un primer asesoramiento sin costo.<\/p>\n<\/div><\/div><!-- \/.sc_title -->[vc_empty_space alter_height=\u00bbnone\u00bb hide_on_desktop=\u00bb\u00bb hide_on_notebook=\u00bb\u00bb hide_on_tablet=\u00bb\u00bb hide_on_mobile=\u00bb\u00bb][vc_row_inner][vc_column_inner width=\u00bb1\/2&#8243; icons_position=\u00bbleft\u00bb offset=\u00bbvc_hidden-xs\u00bb][vc_empty_space height=\u00bb4rem\u00bb alter_height=\u00bbnone\u00bb hide_on_desktop=\u00bb\u00bb hide_on_notebook=\u00bb\u00bb hide_on_tablet=\u00bb\u00bb hide_on_mobile=\u00bb\u00bb][vc_column_text]<div style=\"display:none\" class=\"fm-form-container fm-theme1\"><div id=\"fm-pages1\" class=\"fm-pages wdform_page_navigation \" show_title=\"\" show_numbers=\"1\" type=\"none\"><\/div><form name=\"form1\" action=\"\/web\/wp-json\/wp\/v2\/pages\/105\" method=\"post\" id=\"form1\" class=\"fm-form form1  \" enctype=\"multipart\/form-data\"><input type=\"hidden\" id=\"fm_page_id1\" value=\"105\" name=\"fm_page_id1\" \/><input type=\"hidden\" id=\"fm_current_post_type1\" value=\"page\" name=\"fm_current_post_type1\" \/><input type=\"hidden\" id=\"counter1\" value=\"6\" name=\"counter1\" \/><input type=\"hidden\" id=\"Itemid1\" value=\"\" name=\"Itemid1\" \/><input type=\"hidden\" id=\"fm_shake1\" value=\"1\" name=\"fm_shake1\" \/><input type=\"text\" class=\"fm-hide\" id=\"fm_empty_field_validation1\" value=\"\" name=\"fm_empty_field_validation1\" data-value=\"bd736efb144d599cf463541431fbf5c4\" \/><div class=\"fm-header-bg\"><div class=\"fm-header \"><div class=\"fm-header-text\">          <div class=\"fm-header-title\">            Formulario de contacto          <\/div>          <div class=\"fm-header-description\">            &nbsp;<p style=\"text-align: center\">Puedes dejarnos tus datos por medio del formulario<\/p>          <\/div>        <\/div><\/div><\/div><div class=\"wdform-page-and-images fm-form-builder\"><div id=\"1form_view1\" class=\"wdform_page\" page_title=\"Untitled page\" next_title=\"Next\" next_type=\"text\" next_class=\"wdform-page-button\" next_checkable=\"true\" previous_title=\"Previous\" previous_type=\"text\" previous_class=\"wdform-page-button\" previous_checkable=\"false\"><div class=\"wdform_section\"><div class=\"wdform_column\"><div wdid=\"2\" class=\"wdform_row\"><div type=\"type_text\" class=\"wdform-field wd-width-100 wd-flex wd-flex-column fm-type_text\" ><div class=\"wdform-label-section wd-width-100  wd-flex-row wd-align-items-center\">    <label  for=\"wdform_2_element1\" class=\"wdform-label\">Nombre<\/label><span class=\"wdform-required\">*<\/span><\/div><div class=\"wdform-element-section wd-flex  wd-flex-row wd-align-items-center wd-width-100\" ><input type=\"text\"                           class=\"wd-width-100\"                           id=\"wdform_2_element1\"                           name=\"wdform_2_element1\"                           value=\"\"                           data-value=\"\"                           title=\"\"                           placeholder=\"\"                                                       \/><\/div><\/div><\/div><\/div><div class=\"wdform_column\"><div wdid=\"3\" class=\"wdform_row\"><div type=\"type_submitter_mail\" class=\"wdform-field wd-width-100 wd-flex wd-flex-column fm-type_submitter_mail\" ><div class=\"wdform-label-section wd-width-100  wd-flex-row\">    <label  for=\"wdform_3_element1\" class=\"wdform-label\">Email<\/label><span class=\"wdform-required\">*<\/span><\/div><div class=\"wdform-element-section wd-flex  wd-flex-row wd-width-100\" ><input type=\"text\" class=\"wd-width-100\" id=\"wdform_3_element1\" name=\"wdform_3_element1\" data-value=\"\" value=\"\" title=\"\" placeholder=\"\"   onchange=\"wd_check_email('3', '1', 'Esto no es una direcci\u00f3n v\u00e1lida de email')\" \/><\/div><\/div><\/div><\/div><div class=\"wdform_column\"><div wdid=\"5\" class=\"wdform_row\"><div type=\"type_textarea\" class=\"wdform-field wd-width-100 wd-flex wd-flex-column fm-type_textarea\" ><div class=\"wdform-label-section wd-width-100 \">    <label  for=\"wdform_5_element1\" class=\"wdform-label\">Mensaje<\/label><span class=\"wdform-required\">*<\/span><\/div><div class=\"wdform-element-section wd-flex  wd-width-100\" ><textarea class=\"wd-width-100\"                      id=\"wdform_5_element1\"                      name=\"wdform_5_element1\"                      placeholder=\"\"                      data-value=\"\"                      maxlength=\"\"                      style=\"height: 100px;\"                      ><\/textarea><\/div><\/div><\/div><\/div><div class=\"wdform_column\"><div wdid=\"1\" class=\"wdform_row\"><div type=\"type_submit_reset\" class=\"wdform-field wd-width-100 wd-flex wd-flex-column fm-type_submit_reset\" ><div class=\"wdform-element-section wd-flex  wd-flex-row wd-justify-content-left wd-width-100\" ><button  type=\"button\" class=\"button-submit\" onclick=\"fm_submit_form('1');\"  data-ajax=\"0\"><span class=\"fm-submit-loading spinner fm-ico-spinner\"><\/span>Enviar<\/button><button  type=\"button\" class=\"button-reset wd-hidden\" onclick=\"fm_reset_form(1);\" >Reset<\/button><\/div><\/div><\/div><\/div><\/div><div valign=\"top\" class=\"wdform_footer wd-width-100\"><div class=\"wd-width-100\"><div class=\"wd-width-100 wd-table\" style=\"padding-top:10px;\"><div class=\"wd-table-group\"><div id=\"1page_nav1\" class=\"wd-table-row\"><\/div><\/div><\/div><\/div><\/div><\/div><\/div><div class=\"wdform_preload\"><\/div><input type=\"hidden\" name=\"fm-current-page\" value=\"https:\/\/tecsolar.ar\/web\/wp-json\/wp\/v2\/pages\/105\" \/><\/form><\/div>[\/vc_column_text][\/vc_column_inner][vc_column_inner width=\u00bb1\/2&#8243; icons_position=\u00bbleft\u00bb][vc_empty_space height=\u00bb4rem\u00bb alter_height=\u00bbnone\u00bb hide_on_desktop=\u00bb\u00bb hide_on_notebook=\u00bb\u00bb hide_on_tablet=\u00bb\u00bb hide_on_mobile=\u00bb\u00bb][vc_empty_space height=\u00bb4rem\u00bb alter_height=\u00bbnone\u00bb hide_on_desktop=\u00bb\u00bb hide_on_notebook=\u00bb\u00bb hide_on_tablet=\u00bb\u00bb hide_on_mobile=\u00bb\u00bb]<div id=\"sc_content_1512725253\"\n\t\tclass=\"sc_content color_style_default sc_content_default sc_content_width_90p sc_float_center\"><div class=\"sc_content_container\"><div id=\"sc_icons_985705297\" \n\tclass=\"sc_icons sc_icons_default sc_icons_size_medium sc_align_center\"><div class=\"sc_icons_columns_wrap sc_item_columns trx_addons_columns_wrap columns_padding_bottom\"><div class=\"trx_addons_column-1_3\"><div class=\"sc_icons_item\"><div id=\"sc_icons_985705297_icon-icon3\" class=\"sc_icons_icon sc_icon_type_ icon-icon3\"\n\t\t\t\t\t\t\t\t\t\t\t\t><span class=\"sc_icon_type_ icon-icon3\"><\/span><\/div><h4 class=\"sc_icons_item_title\"><span>Whatsapp<\/span><\/h4><div class=\"sc_icons_item_description\"><span><a href=\"https:\/\/wa.me\/543416279908\" target=\"_blank\">+54 341 627 9908<\/a><\/span><\/div><\/div><\/div><div class=\"trx_addons_column-1_3\"><div class=\"sc_icons_item\"><div id=\"sc_icons_985705297_icon-icon1-2\" class=\"sc_icons_icon sc_icon_type_ icon-icon1-2\"\n\t\t\t\t\t\t\t\t\t\t\t\t><span class=\"sc_icon_type_ icon-icon1-2\"><\/span><\/div><h4 class=\"sc_icons_item_title\"><span>Direcci\u00f3n<\/span><\/h4><div class=\"sc_icons_item_description\"><span>Rene Favaloro 775 Bis, Arroyo Seco, Santa Fe, Argentina<\/span><\/div><\/div><\/div><div class=\"trx_addons_column-1_3\"><div class=\"sc_icons_item\"><div id=\"sc_icons_985705297_icon-icon_envelope\" class=\"sc_icons_icon sc_icon_type_ icon-icon_envelope\"\n\t\t\t\t\t\t\t\t\t\t\t\t><span class=\"sc_icon_type_ icon-icon_envelope\"><\/span><\/div><h4 class=\"sc_icons_item_title\"><span>Email<\/span><\/h4><div class=\"sc_icons_item_description\"><p><a href=\"mailto:proyectos@tecsolar.com.ar\" target=\"_blank\">proyectos@tecsolar.com.ar<\/a><\/p><\/div><\/div><\/div><\/div><\/div><!-- \/.sc_icons -->[vc_empty_space height=\u00bb4rem\u00bb alter_height=\u00bbnone\u00bb hide_on_desktop=\u00bb\u00bb hide_on_notebook=\u00bb\u00bb hide_on_tablet=\u00bb\u00bb hide_on_mobile=\u00bb\u00bb]<\/div><\/div><!-- \/.sc_content --><div id=\"sc_content_901256309\"\n\t\tclass=\"sc_content color_style_default sc_content_default sc_content_width_90p sc_float_center\"><div class=\"sc_content_container\"><div  id=\"sc_socials_720513079\" \n\t\tclass=\"sc_socials sc_socials_default sc_align_center\"><h3 class=\"sc_item_title sc_socials_title sc_align_center sc_item_title_style_default\">Nuestras redes<\/h3><div class=\"sc_item_descr sc_socials_descr sc_align_center sc_item_title_style_default\"><p>Tambi\u00e9n podes seguir nuestras novedades por nuestras redes sociales, incluso contactarnos por medio de las mismas.<\/p>\n<\/div><div class=\"socials_wrap\"><a target=\"_blank\" href=\"https:\/\/www.instagram.com\/tecsolar.arg\/\" class=\"social_item social_item_style_icons social_item_type_icons\"><span class=\"social_icon social_icon_instagramm\"><span class=\"icon-instagramm\"><\/span><\/span><\/a><a target=\"_blank\" href=\"https:\/\/www.facebook.com\/tecsolar.arg\/\" class=\"social_item social_item_style_icons social_item_type_icons\"><span class=\"social_icon social_icon_facebook\"><span class=\"icon-facebook\"><\/span><\/span><\/a><a target=\"_blank\" href=\"https:\/\/www.youtube.com\/@Tecsolararg\" class=\"social_item social_item_style_icons social_item_type_icons\"><span class=\"social_icon social_icon_youtube\"><span class=\"icon-youtube\"><\/span><\/span><\/a><\/div><!-- \/.socials_wrap --><\/div><!-- \/.sc_socials --><\/div><\/div><!-- \/.sc_content -->[\/vc_column_inner][\/vc_row_inner][\/vc_column][\/vc_row][vc_row full_width=\u00bbstretch_row_content_no_spaces\u00bb][vc_column icons_position=\u00bbleft\u00bb][vc_empty_space height=\u00bb2.5rem\u00bb alter_height=\u00bbnone\u00bb hide_on_desktop=\u00bb\u00bb hide_on_notebook=\u00bb\u00bb hide_on_tablet=\u00bb\u00bb hide_on_mobile=\u00bb\u00bb]<div id=\"sc_googlemap_1428628632_wrap\" class=\"sc_googlemap_wrap\"><div id=\"sc_googlemap_1428628632\"\n\t\t\tclass=\"sc_googlemap sc_googlemap_default\"\n\t\t\t style=\"width:100%;height:20.105em;\"\t\t\tdata-zoom=\"9\"\n\t\t\tdata-style=\"dark\"\n\t\t\tdata-cluster-icon=\"\"\n        ><iframe\n                    src=\"https:\/\/maps.google.com\/maps?t=m&output=embed&iwloc=near&z=9&q=Dr.+Rene+Favaloro+775+bis%2C+S2128+Arroyo+Seco%2C+Santa+Fe%2C+Argentina\"\n                    scrolling=\"no\"\n                    marginheight=\"0\"\n                    marginwidth=\"0\"\n                    frameborder=\"0\"\n                    aria-label=\"One\"><\/iframe><\/div><\/div><!-- \/.sc_googlemap_wrap -->[\/vc_column][\/vc_row]<\/p>\n","protected":false},"excerpt":{"rendered":"<p>[vc_row][vc_column icons_position=\u00bbleft\u00bb][vc_empty_space alter_height=\u00bbnone\u00bb hide_on_desktop=\u00bb\u00bb hide_on_notebook=\u00bb\u00bb hide_on_tablet=\u00bb\u00bb hide_on_mobile=\u00bb\u00bb][vc_empty_space alter_height=\u00bbnone\u00bb hide_on_desktop=\u00bb\u00bb hide_on_notebook=\u00bb\u00bb hide_on_tablet=\u00bb\u00bb hide_on_mobile=\u00bb\u00bb][vc_row_inner][vc_column_inner width=\u00bb1\/2&#8243; icons_position=\u00bbleft\u00bb offset=\u00bbvc_hidden-xs\u00bb][vc_empty_space height=\u00bb4rem\u00bb alter_height=\u00bbnone\u00bb hide_on_desktop=\u00bb\u00bb hide_on_notebook=\u00bb\u00bb hide_on_tablet=\u00bb\u00bb hide_on_mobile=\u00bb\u00bb][vc_column_text][\/vc_column_text][\/vc_column_inner][vc_column_inner width=\u00bb1\/2&#8243; icons_position=\u00bbleft\u00bb][vc_empty_space height=\u00bb4rem\u00bb alter_height=\u00bbnone\u00bb hide_on_desktop=\u00bb\u00bb hide_on_notebook=\u00bb\u00bb hide_on_tablet=\u00bb\u00bb hide_on_mobile=\u00bb\u00bb][vc_empty_space height=\u00bb4rem\u00bb&hellip;<\/p>\n","protected":false},"author":1,"featured_media":0,"parent":0,"menu_order":0,"comment_status":"closed","ping_status":"closed","template":"","meta":{"footnotes":""},"class_list":["post-105","page","type-page","status-publish","hentry"],"yoast_head":"<!-- This site is optimized with the Yoast SEO plugin v23.0 - https:\/\/yoast.com\/wordpress\/plugins\/seo\/ -->\n<title>Contacto - Tecsolar<\/title>\n<meta name=\"description\" content=\"\u00bfTienes preguntas sobre la instalaci\u00f3n de paneles solares o sobre nuestros servicios de energ\u00edas renovables? \u00a1Estamos aqu\u00ed para ayudarte! En nuestra secci\u00f3n de contacto, puedes encontrar m\u00faltiples formas de comunicarte con nosotros. Ya sea que prefieras llamar, enviar un correo electr\u00f3nico o completar nuestro formulario en l\u00ednea, estamos disponibles para responder a todas tus consultas. Nuestro equipo de expertos est\u00e1 listo para ofrecerte asesoramiento personalizado y guiarte en cada paso hacia una transici\u00f3n energ\u00e9tica m\u00e1s sostenible. \u00a1Cont\u00e1ctanos hoy mismo y descubre c\u00f3mo podemos ayudarte a implementar soluciones de energ\u00eda limpia y eficiente!\" \/>\n<meta name=\"robots\" content=\"index, follow, max-snippet:-1, max-image-preview:large, max-video-preview:-1\" \/>\n<link rel=\"canonical\" href=\"https:\/\/tecsolar.ar\/web\/contacto\/\" \/>\n<meta property=\"og:locale\" content=\"es_ES\" \/>\n<meta property=\"og:type\" content=\"article\" \/>\n<meta property=\"og:title\" content=\"Contacto - Tecsolar\" \/>\n<meta property=\"og:description\" content=\"\u00bfTienes preguntas sobre la instalaci\u00f3n de paneles solares o sobre nuestros servicios de energ\u00edas renovables? \u00a1Estamos aqu\u00ed para ayudarte! En nuestra secci\u00f3n de contacto, puedes encontrar m\u00faltiples formas de comunicarte con nosotros. Ya sea que prefieras llamar, enviar un correo electr\u00f3nico o completar nuestro formulario en l\u00ednea, estamos disponibles para responder a todas tus consultas. Nuestro equipo de expertos est\u00e1 listo para ofrecerte asesoramiento personalizado y guiarte en cada paso hacia una transici\u00f3n energ\u00e9tica m\u00e1s sostenible. \u00a1Cont\u00e1ctanos hoy mismo y descubre c\u00f3mo podemos ayudarte a implementar soluciones de energ\u00eda limpia y eficiente!\" \/>\n<meta property=\"og:url\" content=\"https:\/\/tecsolar.ar\/web\/contacto\/\" \/>\n<meta property=\"og:site_name\" content=\"Tecsolar\" \/>\n<meta property=\"article:publisher\" content=\"https:\/\/www.facebook.com\/tecsolar.arg\/\" \/>\n<meta property=\"article:modified_time\" content=\"2024-07-08T18:26:15+00:00\" \/>\n<meta name=\"twitter:card\" content=\"summary_large_image\" \/>\n<meta name=\"twitter:label1\" content=\"Tiempo de lectura\" \/>\n\t<meta name=\"twitter:data1\" content=\"1 minuto\" \/>\n<script type=\"application\/ld+json\" class=\"yoast-schema-graph\">{\"@context\":\"https:\/\/schema.org\",\"@graph\":[{\"@type\":\"WebPage\",\"@id\":\"https:\/\/tecsolar.ar\/web\/contacto\/\",\"url\":\"https:\/\/tecsolar.ar\/web\/contacto\/\",\"name\":\"Contacto - Tecsolar\",\"isPartOf\":{\"@id\":\"https:\/\/tecsolar.ar\/web\/#website\"},\"datePublished\":\"2017-11-14T15:02:27+00:00\",\"dateModified\":\"2024-07-08T18:26:15+00:00\",\"description\":\"\u00bfTienes preguntas sobre la instalaci\u00f3n de paneles solares o sobre nuestros servicios de energ\u00edas renovables? \u00a1Estamos aqu\u00ed para ayudarte! En nuestra secci\u00f3n de contacto, puedes encontrar m\u00faltiples formas de comunicarte con nosotros. Ya sea que prefieras llamar, enviar un correo electr\u00f3nico o completar nuestro formulario en l\u00ednea, estamos disponibles para responder a todas tus consultas. Nuestro equipo de expertos est\u00e1 listo para ofrecerte asesoramiento personalizado y guiarte en cada paso hacia una transici\u00f3n energ\u00e9tica m\u00e1s sostenible. \u00a1Cont\u00e1ctanos hoy mismo y descubre c\u00f3mo podemos ayudarte a implementar soluciones de energ\u00eda limpia y eficiente!\",\"breadcrumb\":{\"@id\":\"https:\/\/tecsolar.ar\/web\/contacto\/#breadcrumb\"},\"inLanguage\":\"es\",\"potentialAction\":[{\"@type\":\"ReadAction\",\"target\":[\"https:\/\/tecsolar.ar\/web\/contacto\/\"]}]},{\"@type\":\"BreadcrumbList\",\"@id\":\"https:\/\/tecsolar.ar\/web\/contacto\/#breadcrumb\",\"itemListElement\":[{\"@type\":\"ListItem\",\"position\":1,\"name\":\"Portada\",\"item\":\"https:\/\/tecsolar.ar\/web\/\"},{\"@type\":\"ListItem\",\"position\":2,\"name\":\"Contacto\"}]},{\"@type\":\"WebSite\",\"@id\":\"https:\/\/tecsolar.ar\/web\/#website\",\"url\":\"https:\/\/tecsolar.ar\/web\/\",\"name\":\"Tecsolar\",\"description\":\"Energ\u00eda Solar\",\"publisher\":{\"@id\":\"https:\/\/tecsolar.ar\/web\/#organization\"},\"potentialAction\":[{\"@type\":\"SearchAction\",\"target\":{\"@type\":\"EntryPoint\",\"urlTemplate\":\"https:\/\/tecsolar.ar\/web\/?s={search_term_string}\"},\"query-input\":\"required name=search_term_string\"}],\"inLanguage\":\"es\"},{\"@type\":\"Organization\",\"@id\":\"https:\/\/tecsolar.ar\/web\/#organization\",\"name\":\"Tecsolar\",\"url\":\"https:\/\/tecsolar.ar\/web\/\",\"logo\":{\"@type\":\"ImageObject\",\"inLanguage\":\"es\",\"@id\":\"https:\/\/tecsolar.ar\/web\/#\/schema\/logo\/image\/\",\"url\":\"https:\/\/tecsolar.ar\/web\/wp-content\/uploads\/2020\/09\/logo.png\",\"contentUrl\":\"https:\/\/tecsolar.ar\/web\/wp-content\/uploads\/2020\/09\/logo.png\",\"width\":204,\"height\":66,\"caption\":\"Tecsolar\"},\"image\":{\"@id\":\"https:\/\/tecsolar.ar\/web\/#\/schema\/logo\/image\/\"},\"sameAs\":[\"https:\/\/www.facebook.com\/tecsolar.arg\/\",\"https:\/\/www.instagram.com\/tecsolar.arg\/\",\"https:\/\/www.youtube.com\/@Tecsolararg\"]}]}<\/script>\n<!-- \/ Yoast SEO plugin. -->","yoast_head_json":{"title":"Contacto - Tecsolar","description":"\u00bfTienes preguntas sobre la instalaci\u00f3n de paneles solares o sobre nuestros servicios de energ\u00edas renovables? \u00a1Estamos aqu\u00ed para ayudarte! En nuestra secci\u00f3n de contacto, puedes encontrar m\u00faltiples formas de comunicarte con nosotros. Ya sea que prefieras llamar, enviar un correo electr\u00f3nico o completar nuestro formulario en l\u00ednea, estamos disponibles para responder a todas tus consultas. Nuestro equipo de expertos est\u00e1 listo para ofrecerte asesoramiento personalizado y guiarte en cada paso hacia una transici\u00f3n energ\u00e9tica m\u00e1s sostenible. \u00a1Cont\u00e1ctanos hoy mismo y descubre c\u00f3mo podemos ayudarte a implementar soluciones de energ\u00eda limpia y eficiente!","robots":{"index":"index","follow":"follow","max-snippet":"max-snippet:-1","max-image-preview":"max-image-preview:large","max-video-preview":"max-video-preview:-1"},"canonical":"https:\/\/tecsolar.ar\/web\/contacto\/","og_locale":"es_ES","og_type":"article","og_title":"Contacto - Tecsolar","og_description":"\u00bfTienes preguntas sobre la instalaci\u00f3n de paneles solares o sobre nuestros servicios de energ\u00edas renovables? \u00a1Estamos aqu\u00ed para ayudarte! En nuestra secci\u00f3n de contacto, puedes encontrar m\u00faltiples formas de comunicarte con nosotros. Ya sea que prefieras llamar, enviar un correo electr\u00f3nico o completar nuestro formulario en l\u00ednea, estamos disponibles para responder a todas tus consultas. Nuestro equipo de expertos est\u00e1 listo para ofrecerte asesoramiento personalizado y guiarte en cada paso hacia una transici\u00f3n energ\u00e9tica m\u00e1s sostenible. \u00a1Cont\u00e1ctanos hoy mismo y descubre c\u00f3mo podemos ayudarte a implementar soluciones de energ\u00eda limpia y eficiente!","og_url":"https:\/\/tecsolar.ar\/web\/contacto\/","og_site_name":"Tecsolar","article_publisher":"https:\/\/www.facebook.com\/tecsolar.arg\/","article_modified_time":"2024-07-08T18:26:15+00:00","twitter_card":"summary_large_image","twitter_misc":{"Tiempo de lectura":"1 minuto"},"schema":{"@context":"https:\/\/schema.org","@graph":[{"@type":"WebPage","@id":"https:\/\/tecsolar.ar\/web\/contacto\/","url":"https:\/\/tecsolar.ar\/web\/contacto\/","name":"Contacto - Tecsolar","isPartOf":{"@id":"https:\/\/tecsolar.ar\/web\/#website"},"datePublished":"2017-11-14T15:02:27+00:00","dateModified":"2024-07-08T18:26:15+00:00","description":"\u00bfTienes preguntas sobre la instalaci\u00f3n de paneles solares o sobre nuestros servicios de energ\u00edas renovables? \u00a1Estamos aqu\u00ed para ayudarte! En nuestra secci\u00f3n de contacto, puedes encontrar m\u00faltiples formas de comunicarte con nosotros. Ya sea que prefieras llamar, enviar un correo electr\u00f3nico o completar nuestro formulario en l\u00ednea, estamos disponibles para responder a todas tus consultas. Nuestro equipo de expertos est\u00e1 listo para ofrecerte asesoramiento personalizado y guiarte en cada paso hacia una transici\u00f3n energ\u00e9tica m\u00e1s sostenible. \u00a1Cont\u00e1ctanos hoy mismo y descubre c\u00f3mo podemos ayudarte a implementar soluciones de energ\u00eda limpia y eficiente!","breadcrumb":{"@id":"https:\/\/tecsolar.ar\/web\/contacto\/#breadcrumb"},"inLanguage":"es","potentialAction":[{"@type":"ReadAction","target":["https:\/\/tecsolar.ar\/web\/contacto\/"]}]},{"@type":"BreadcrumbList","@id":"https:\/\/tecsolar.ar\/web\/contacto\/#breadcrumb","itemListElement":[{"@type":"ListItem","position":1,"name":"Portada","item":"https:\/\/tecsolar.ar\/web\/"},{"@type":"ListItem","position":2,"name":"Contacto"}]},{"@type":"WebSite","@id":"https:\/\/tecsolar.ar\/web\/#website","url":"https:\/\/tecsolar.ar\/web\/","name":"Tecsolar","description":"Energ\u00eda Solar","publisher":{"@id":"https:\/\/tecsolar.ar\/web\/#organization"},"potentialAction":[{"@type":"SearchAction","target":{"@type":"EntryPoint","urlTemplate":"https:\/\/tecsolar.ar\/web\/?s={search_term_string}"},"query-input":"required name=search_term_string"}],"inLanguage":"es"},{"@type":"Organization","@id":"https:\/\/tecsolar.ar\/web\/#organization","name":"Tecsolar","url":"https:\/\/tecsolar.ar\/web\/","logo":{"@type":"ImageObject","inLanguage":"es","@id":"https:\/\/tecsolar.ar\/web\/#\/schema\/logo\/image\/","url":"https:\/\/tecsolar.ar\/web\/wp-content\/uploads\/2020\/09\/logo.png","contentUrl":"https:\/\/tecsolar.ar\/web\/wp-content\/uploads\/2020\/09\/logo.png","width":204,"height":66,"caption":"Tecsolar"},"image":{"@id":"https:\/\/tecsolar.ar\/web\/#\/schema\/logo\/image\/"},"sameAs":["https:\/\/www.facebook.com\/tecsolar.arg\/","https:\/\/www.instagram.com\/tecsolar.arg\/","https:\/\/www.youtube.com\/@Tecsolararg"]}]}},"_links":{"self":[{"href":"https:\/\/tecsolar.ar\/web\/wp-json\/wp\/v2\/pages\/105","targetHints":{"allow":["GET"]}}],"collection":[{"href":"https:\/\/tecsolar.ar\/web\/wp-json\/wp\/v2\/pages"}],"about":[{"href":"https:\/\/tecsolar.ar\/web\/wp-json\/wp\/v2\/types\/page"}],"author":[{"embeddable":true,"href":"https:\/\/tecsolar.ar\/web\/wp-json\/wp\/v2\/users\/1"}],"replies":[{"embeddable":true,"href":"https:\/\/tecsolar.ar\/web\/wp-json\/wp\/v2\/comments?post=105"}],"version-history":[{"count":21,"href":"https:\/\/tecsolar.ar\/web\/wp-json\/wp\/v2\/pages\/105\/revisions"}],"predecessor-version":[{"id":1637,"href":"https:\/\/tecsolar.ar\/web\/wp-json\/wp\/v2\/pages\/105\/revisions\/1637"}],"wp:attachment":[{"href":"https:\/\/tecsolar.ar\/web\/wp-json\/wp\/v2\/media?parent=105"}],"curies":[{"name":"wp","href":"https:\/\/api.w.org\/{rel}","templated":true}]}}